{"id":1967,"date":"2020-02-27T12:41:46","date_gmt":"2020-02-27T17:41:46","guid":{"rendered":"http:\/\/manoirdauteuil.com\/chambres\/european-rooms\/"},"modified":"2025-02-06T10:49:17","modified_gmt":"2025-02-06T15:49:17","slug":"chambres-europeennes","status":"publish","type":"page","link":"https:\/\/www.manoirdauteuil.com\/fr\/chambres\/chambres-europeennes\/","title":{"rendered":"Chambres Europ\u00e9ennes"},"content":{"rendered":"<div class=\"wpb-content-wrapper\"><p>[vc_row css_animation=\u00a0\u00bb\u00a0\u00bb row_type=\u00a0\u00bbrow\u00a0\u00bb use_row_as_full_screen_section=\u00a0\u00bbno\u00a0\u00bb type=\u00a0\u00bbgrid\u00a0\u00bb angled_section=\u00a0\u00bbno\u00a0\u00bb text_align=\u00a0\u00bbleft\u00a0\u00bb background_image_as_pattern=\u00a0\u00bbwithout_pattern\u00a0\u00bb css=\u00a0\u00bb.vc_custom_1591505635831{background-image: url(https:\/\/manoirdauteuil.com\/wp-content\/uploads\/2018\/01\/background-lines.png?id=104) !important;}\u00a0\u00bb z_index=\u00a0\u00bb\u00a0\u00bb][vc_column][vc_row_inner row_type=\u00a0\u00bbrow\u00a0\u00bb type=\u00a0\u00bbfull_width\u00a0\u00bb text_align=\u00a0\u00bbleft\u00a0\u00bb css_animation=\u00a0\u00bb\u00a0\u00bb][vc_column_inner][vc_column_text css=\u00a0\u00bb.vc_custom_1607484828360{padding-top: 20px !important;padding-bottom: 30px !important;}\u00a0\u00bb]<\/p>\n<h2 style=\"text-align: center;\">CHAMBRES EUROP\u00c9ENNES<\/h2>\n<p>[\/vc_column_text][\/vc_column_inner][\/vc_row_inner][vc_column_text css=\u00a0\u00bb.vc_custom_1680288402803{padding-bottom: 50px !important;}\u00a0\u00bb]Les chambres europ\u00e9ennes sont petites mais romantiques. Elles sont situ\u00e9es aux \u00e9tages sup\u00e9rieurs (3e et 4e) de l&rsquo;h\u00f4tel. La vue sur les toits en cascade et sur l\u2019\u00e9difice Price \u00e0 proximit\u00e9 est particuli\u00e8rement spectaculaire la nuit. Celles situ\u00e9es au 4e \u00e9tage poss\u00e8dent un plafond inclin\u00e9 et une lucarne qui conf\u00e8re une ambiance et un charme tout europ\u00e9en, alors que celles situ\u00e9es au 3e \u00e9tage ont une vue parfaite sur la ville. Le grand lit (Queen) ainsi que le m\u00e9lange d\u2019\u00e9l\u00e9ments antiques et de commodit\u00e9s contemporaines rendent ces chambres id\u00e9ales pour les visiteurs qui appr\u00e9cient le charme fran\u00e7ais.<\/p>\n<p>&nbsp;<\/p>\n<p>Elles offrent aux voyageurs \u00e9puis\u00e9s un endroit douillet pour se d\u00e9tendre apr\u00e8s une journ\u00e9e occup\u00e9e. Bien que ce soit notre plus petite cat\u00e9gorie de chambres, elles repr\u00e9sentent un choix judicieux pour les gens \u00e0 la recherche d\u2019un tarif comp\u00e9titif offrant confort et location strat\u00e9gique.<\/p>\n<p>&nbsp;<\/p>\n<p>* Veuillez noter que le Manoir d\u2019Auteuil n\u2019a pas d\u2019ascenseur. Si vous \u00e9prouvez de la difficult\u00e9 \u00e0 monter les escaliers, nous vous conseillons de choisir une autre cat\u00e9gorie de chambre. Il nous fera cependant plaisir de vous aider avec vos bagages.<\/p>\n<ul>\n<li>Occupation maximale de 2 personnes<\/li>\n<li>Toutes nos chambres sont non-fumeurs<\/li>\n<\/ul>\n<p>[\/vc_column_text][\/vc_column][\/vc_row][vc_row css_animation=\u00a0\u00bb\u00a0\u00bb row_type=\u00a0\u00bbrow\u00a0\u00bb use_row_as_full_screen_section=\u00a0\u00bbno\u00a0\u00bb type=\u00a0\u00bbfull_width\u00a0\u00bb angled_section=\u00a0\u00bbno\u00a0\u00bb text_align=\u00a0\u00bbleft\u00a0\u00bb background_image_as_pattern=\u00a0\u00bbwithout_pattern\u00a0\u00bb][vc_column]<div class='qode_image_gallery_no_space light highlight_active'><div class='qode_image_gallery_holder' style='height: 697px;'><ul  ><li style = \"opacity: 0.6\" ><div style=\"height: 697px; width:983px;\"><a itemprop=\"image\" class=\"prettyphoto\" data-rel=\"prettyPhoto[rel-781929921]\" href=\"https:\/\/www.manoirdauteuil.com\/wp-content\/uploads\/europeen-rooms-7.jpg\"><img decoding=\"async\" itemprop=\"image\" src=\"https:\/\/www.manoirdauteuil.com\/wp-content\/uploads\/europeen-rooms-7.jpg\" alt=\"\" \/><\/a><\/div><\/li><li style = \"opacity: 0.6\" ><div style=\"height: 697px; width:523px;\"><a itemprop=\"image\" class=\"prettyphoto\" data-rel=\"prettyPhoto[rel-781929921]\" href=\"https:\/\/www.manoirdauteuil.com\/wp-content\/uploads\/europeen-rooms-1.jpg\"><img decoding=\"async\" itemprop=\"image\" src=\"https:\/\/www.manoirdauteuil.com\/wp-content\/uploads\/europeen-rooms-1.jpg\" alt=\"\" \/><\/a><\/div><\/li><li style = \"opacity: 0.6\" ><div style=\"height: 697px; width:930px;\"><a itemprop=\"image\" class=\"prettyphoto\" data-rel=\"prettyPhoto[rel-781929921]\" href=\"https:\/\/www.manoirdauteuil.com\/wp-content\/uploads\/europeen-rooms-2.jpg\"><img decoding=\"async\" itemprop=\"image\" src=\"https:\/\/www.manoirdauteuil.com\/wp-content\/uploads\/europeen-rooms-2.jpg\" alt=\"\" \/><\/a><\/div><\/li><li style = \"opacity: 0.6\" ><div style=\"height: 697px; width:930px;\"><a itemprop=\"image\" class=\"prettyphoto\" data-rel=\"prettyPhoto[rel-781929921]\" href=\"https:\/\/www.manoirdauteuil.com\/wp-content\/uploads\/europeen-rooms-4.jpg\"><img decoding=\"async\" itemprop=\"image\" src=\"https:\/\/www.manoirdauteuil.com\/wp-content\/uploads\/europeen-rooms-4.jpg\" alt=\"\" \/><\/a><\/div><\/li><li style = \"opacity: 0.6\" ><div style=\"height: 697px; width:930px;\"><a itemprop=\"image\" class=\"prettyphoto\" data-rel=\"prettyPhoto[rel-781929921]\" href=\"https:\/\/www.manoirdauteuil.com\/wp-content\/uploads\/europeen-rooms-5.jpg\"><img decoding=\"async\" itemprop=\"image\" src=\"https:\/\/www.manoirdauteuil.com\/wp-content\/uploads\/europeen-rooms-5.jpg\" alt=\"\" \/><\/a><\/div><\/li><li style = \"opacity: 0.6\" ><div style=\"height: 697px; width:930px;\"><a itemprop=\"image\" class=\"prettyphoto\" data-rel=\"prettyPhoto[rel-781929921]\" href=\"https:\/\/www.manoirdauteuil.com\/wp-content\/uploads\/europeen-rooms-6.jpg\"><img decoding=\"async\" itemprop=\"image\" src=\"https:\/\/www.manoirdauteuil.com\/wp-content\/uploads\/europeen-rooms-6.jpg\" alt=\"\" \/><\/a><\/div><\/li><li style = \"opacity: 0.6\" ><div style=\"height: 697px; width:464px;\"><a itemprop=\"image\" class=\"prettyphoto\" data-rel=\"prettyPhoto[rel-781929921]\" href=\"https:\/\/www.manoirdauteuil.com\/wp-content\/uploads\/2020\/06\/European1_R-2.jpg\"><img decoding=\"async\" itemprop=\"image\" src=\"https:\/\/www.manoirdauteuil.com\/wp-content\/uploads\/2020\/06\/European1_R-2.jpg\" alt=\"\" \/><\/a><\/div><\/li><li style = \"opacity: 0.6\" ><div style=\"height: 697px; width:985px;\"><a itemprop=\"image\" class=\"prettyphoto\" data-rel=\"prettyPhoto[rel-781929921]\" href=\"https:\/\/www.manoirdauteuil.com\/wp-content\/uploads\/art-deco-hotel-quebec-european-room-1-fr.jpg\"><img decoding=\"async\" itemprop=\"image\" src=\"https:\/\/www.manoirdauteuil.com\/wp-content\/uploads\/art-deco-hotel-quebec-european-room-1-fr.jpg\" alt=\"\" \/><\/a><\/div><\/li><\/ul><\/div><div class=\"controls\"><a class=\"prev-slide\" href=\"#\"><span><i class=\"fa fa-angle-left\"><\/i><\/span><\/a><a class=\"next-slide\" href=\"#\"><span><i class=\"fa fa-angle-right\"><\/i><\/span><\/a><\/div><\/div>[\/vc_column][\/vc_row][vc_row css_animation=\u00a0\u00bb\u00a0\u00bb row_type=\u00a0\u00bbrow\u00a0\u00bb use_row_as_full_screen_section=\u00a0\u00bbno\u00a0\u00bb type=\u00a0\u00bbgrid\u00a0\u00bb angled_section=\u00a0\u00bbno\u00a0\u00bb text_align=\u00a0\u00bbleft\u00a0\u00bb background_image_as_pattern=\u00a0\u00bbwithout_pattern\u00a0\u00bb z_index=\u00a0\u00bb\u00a0\u00bb css=\u00a0\u00bb.vc_custom_1591506399156{padding-top: 30px !important;padding-bottom: 30px !important;background-image: url(https:\/\/manoirdauteuil.com\/wp-content\/uploads\/2018\/01\/background-lines.png?id=104) !important;}\u00a0\u00bb][vc_column width=\u00a0\u00bb1\/4&Prime;]\n\n\t<a href=\"https:\/\/hotels.cloudbeds.com\/reservation\/zFkhyn\" target=\"_blank\" style=\"color: #ffffff;background-color: #e2c13d;font-size: 16px;font-weight: 400\" class=\"qode-btn qode-btn-medium qode-btn-solid qode-btn-custom-hover-bg qode-btn-custom-hover-color qode-btn-default-hover\" data-hover-bg-color=\"#e2b500\" data-hover-color=\"#ffffff\" >\n\t    <span class=\"qode-btn-text\">R\u00c9SERVEZ MAINTENANT<\/span>\t<\/a>\n\n[\/vc_column][vc_column width=\u00a0\u00bb3\/4&Prime;][vc_column_text]<img loading=\"lazy\" decoding=\"async\" class=\"alignnone size-full wp-image-2055\" src=\"https:\/\/manoirdauteuil.com\/wp-content\/uploads\/2020\/03\/icon-persona.png\" alt=\"\" width=\"20\" height=\"20\" \/> <strong>2 <img loading=\"lazy\" decoding=\"async\" class=\"alignnone size-full wp-image-2057\" src=\"https:\/\/manoirdauteuil.com\/wp-content\/uploads\/2020\/03\/icon-square.png\" alt=\"\" width=\"20\" height=\"20\" \/> 14,5 \u00e0 15 m\u00e8tres carr\u00e9s <img loading=\"lazy\" decoding=\"async\" class=\"alignnone size-full wp-image-2058\" src=\"http:\/\/manoirdauteuil.com\/wp-content\/uploads\/2020\/03\/icon-bed.png\" alt=\"\" width=\"20\" height=\"20\" \/> 1 grand lit (Queen)<\/strong>[\/vc_column_text][\/vc_column][\/vc_row][vc_row css_animation=\u00a0\u00bb\u00a0\u00bb row_type=\u00a0\u00bbrow\u00a0\u00bb use_row_as_full_screen_section=\u00a0\u00bbno\u00a0\u00bb type=\u00a0\u00bbgrid\u00a0\u00bb angled_section=\u00a0\u00bbno\u00a0\u00bb text_align=\u00a0\u00bbleft\u00a0\u00bb background_image_as_pattern=\u00a0\u00bbwithout_pattern\u00a0\u00bb css=\u00a0\u00bb.vc_custom_1591505735579{background-image: url(https:\/\/manoirdauteuil.com\/wp-content\/uploads\/2018\/01\/background-lines.png?id=104) !important;}\u00a0\u00bb z_index=\u00a0\u00bb\u00a0\u00bb][vc_column][vc_separator type=\u00a0\u00bbnormal\u00a0\u00bb color=\u00a0\u00bb#dbb932&Prime; thickness=\u00a0\u00bb2&Prime;][vc_column_text css=\u00a0\u00bb.vc_custom_1682016709887{padding-top: 30px !important;}\u00a0\u00bb]<strong>Caract\u00e9ristiques et commodit\u00e9s de la chambre europ\u00e9enne<\/strong><\/p>\n<p>&nbsp;<\/p>\n<ul>\n<li>Lit Queen avec matelas \u00e0 coussinet sur\u00e9lev\u00e9<\/li>\n<li>Chauffage et air climatis\u00e9 \u00e0 contr\u00f4le individuel dans la chambre<\/li>\n<li>Des fen\u00eatres qui s\u2019ouvrent<\/li>\n<li>Couettes en duvet et oreillers hypoallerg\u00e9niques<\/li>\n<li>T\u00e9l\u00e9vision<\/li>\n<li>T\u00e9l\u00e9phone<\/li>\n<li>R\u00e9frig\u00e9rateur<\/li>\n<li>Wi-Fi haute vitesse<\/li>\n<li>Coffre-fort<\/li>\n<li>S\u00e8che-cheveux<\/li>\n<li>Fer et planche \u00e0 repasser<\/li>\n<li>Bureau \/ coin bureau<\/li>\n<li>Salle de bain priv\u00e9e<\/li>\n<li>La taille de la chambre varie entre 14.5 \u00e0 15.5 m\u00e8tres carr\u00e9s.<\/li>\n<\/ul>\n<p>[\/vc_column_text][\/vc_column][\/vc_row][vc_row css_animation=\u00a0\u00bb\u00a0\u00bb row_type=\u00a0\u00bbrow\u00a0\u00bb use_row_as_full_screen_section=\u00a0\u00bbno\u00a0\u00bb type=\u00a0\u00bbgrid\u00a0\u00bb angled_section=\u00a0\u00bbno\u00a0\u00bb text_align=\u00a0\u00bbleft\u00a0\u00bb background_image_as_pattern=\u00a0\u00bbwithout_pattern\u00a0\u00bb css=\u00a0\u00bb.vc_custom_1591505842156{background-image: url(https:\/\/manoirdauteuil.com\/wp-content\/uploads\/2018\/01\/background-lines.png?id=104) !important;}\u00a0\u00bb z_index=\u00a0\u00bb\u00a0\u00bb][vc_column][vc_empty_space height=\u00a0\u00bb62px\u00a0\u00bb][\/vc_column][\/vc_row]<\/p><\/div>","protected":false},"excerpt":{"rendered":"<p>[vc_row css_animation=\u00a0\u00bb\u00a0\u00bb row_type=\u00a0\u00bbrow\u00a0\u00bb use_row_as_full_screen_section=\u00a0\u00bbno\u00a0\u00bb type=\u00a0\u00bbgrid\u00a0\u00bb angled_section=\u00a0\u00bbno\u00a0\u00bb text_align=\u00a0\u00bbleft\u00a0\u00bb background_image_as_pattern=\u00a0\u00bbwithout_pattern\u00a0\u00bb css=\u00a0\u00bb.vc_custom_1591505635831{background-image: url(https:\/\/manoirdauteuil.com\/wp-content\/uploads\/2018\/01\/background-lines.png?id=104) !important;}\u00a0\u00bb z_index=\u00a0\u00bb\u00a0\u00bb][vc_column][vc_row_inner row_type=\u00a0\u00bbrow\u00a0\u00bb type=\u00a0\u00bbfull_width\u00a0\u00bb text_align=\u00a0\u00bbleft\u00a0\u00bb css_animation=\u00a0\u00bb\u00a0\u00bb][vc_column_inner][vc_column_text css=\u00a0\u00bb.vc_custom_1607484828360{padding-top: 20px !important;padding-bottom: 30px !important;}\u00a0\u00bb] CHAMBRES EUROP\u00c9ENNES [\/vc_column_text][\/vc_column_inner][\/vc_row_inner][vc_column_text css=\u00a0\u00bb.vc_custom_1680288402803{padding-bottom: 50px !important;}\u00a0\u00bb]Les chambres europ\u00e9ennes sont petites mais romantiques. Elles sont situ\u00e9es aux \u00e9tages sup\u00e9rieurs (3e et 4e) de l&rsquo;h\u00f4tel. La&#8230;<\/p>\n","protected":false},"author":1,"featured_media":0,"parent":1956,"menu_order":1,"comment_status":"closed","ping_status":"closed","template":"full_width.php","meta":{"footnotes":""},"class_list":["post-1967","page","type-page","status-publish","hentry"],"_links":{"self":[{"href":"https:\/\/www.manoirdauteuil.com\/fr\/wp-json\/wp\/v2\/pages\/1967","targetHints":{"allow":["GET"]}}],"collection":[{"href":"https:\/\/www.manoirdauteuil.com\/fr\/wp-json\/wp\/v2\/pages"}],"about":[{"href":"https:\/\/www.manoirdauteuil.com\/fr\/wp-json\/wp\/v2\/types\/page"}],"author":[{"embeddable":true,"href":"https:\/\/www.manoirdauteuil.com\/fr\/wp-json\/wp\/v2\/users\/1"}],"replies":[{"embeddable":true,"href":"https:\/\/www.manoirdauteuil.com\/fr\/wp-json\/wp\/v2\/comments?post=1967"}],"version-history":[{"count":13,"href":"https:\/\/www.manoirdauteuil.com\/fr\/wp-json\/wp\/v2\/pages\/1967\/revisions"}],"predecessor-version":[{"id":9176,"href":"https:\/\/www.manoirdauteuil.com\/fr\/wp-json\/wp\/v2\/pages\/1967\/revisions\/9176"}],"up":[{"embeddable":true,"href":"https:\/\/www.manoirdauteuil.com\/fr\/wp-json\/wp\/v2\/pages\/1956"}],"wp:attachment":[{"href":"https:\/\/www.manoirdauteuil.com\/fr\/wp-json\/wp\/v2\/media?parent=1967"}],"curies":[{"name":"wp","href":"https:\/\/api.w.org\/{rel}","templated":true}]}}