{"id":1976,"date":"2020-02-27T12:43:40","date_gmt":"2020-02-27T17:43:40","guid":{"rendered":"http:\/\/manoirdauteuil.com\/chambres\/classic-queen-rooms\/"},"modified":"2025-02-06T10:49:49","modified_gmt":"2025-02-06T15:49:49","slug":"chambres-classiques-queen","status":"publish","type":"page","link":"https:\/\/www.manoirdauteuil.com\/fr\/chambres\/chambres-classiques-queen\/","title":{"rendered":"Chambres Classiques Queen"},"content":{"rendered":"<div class=\"wpb-content-wrapper\"><p>[vc_row css_animation=\u00a0\u00bb\u00a0\u00bb row_type=\u00a0\u00bbrow\u00a0\u00bb use_row_as_full_screen_section=\u00a0\u00bbno\u00a0\u00bb type=\u00a0\u00bbgrid\u00a0\u00bb angled_section=\u00a0\u00bbno\u00a0\u00bb text_align=\u00a0\u00bbleft\u00a0\u00bb background_image_as_pattern=\u00a0\u00bbwithout_pattern\u00a0\u00bb css=\u00a0\u00bb.vc_custom_1591499976441{background-image: url(https:\/\/manoirdauteuil.com\/wp-content\/uploads\/2018\/01\/background-lines.png?id=104) !important;}\u00a0\u00bb z_index=\u00a0\u00bb\u00a0\u00bb][vc_column][vc_row_inner row_type=\u00a0\u00bbrow\u00a0\u00bb type=\u00a0\u00bbfull_width\u00a0\u00bb text_align=\u00a0\u00bbleft\u00a0\u00bb css_animation=\u00a0\u00bb\u00a0\u00bb][vc_column_inner][vc_column_text css=\u00a0\u00bb.vc_custom_1607486624333{padding-top: 30px !important;padding-bottom: 30px !important;}\u00a0\u00bb]<\/p>\n<h2 style=\"text-align: center;\">CHAMBRES CLASSIQUES QUEEN<\/h2>\n<p>[\/vc_column_text][\/vc_column_inner][\/vc_row_inner][vc_column_text css=\u00a0\u00bb.vc_custom_1682008348020{padding-bottom: 30px !important;}\u00a0\u00bb]Toutes nos chambres classiques Queen (avec grand lit) offrent un d\u00e9cor art d\u00e9co unique. Chacune propose aux clients au moins une caract\u00e9ristique extraordinaire: de hauts plafonds pour un effet a\u00e9r\u00e9, de jolies rampes en fer forg\u00e9 conduisant aux salles de bain en marbre de style art d\u00e9co et authentique des ann\u00e9es 1930 ou de charmants murs en briques. Certaines disposent d\u2019une vue sur l\u2019\u00e9difice du Parlement, d&rsquo;autres de la tranquillit\u00e9 des fen\u00eatres donnant sur la cour arri\u00e8re ou l\u2019aspect romantique des toits du Vieux-Qu\u00e9bec. Les chambres classiques avec grand lit sont situ\u00e9es au rez-de-chauss\u00e9e, au 2e ou 3e \u00e9tage de l&rsquo;h\u00f4tel.<\/p>\n<p>&nbsp;<\/p>\n<p>Toutes ces chambres sont un oasis de paix et de confort pour se d\u00e9tendre et se ressourcer apr\u00e8s une journ\u00e9e pass\u00e9e \u00e0 profiter des merveilleuses activit\u00e9s propos\u00e9es par la ville. Ces chambres douillettes, agr\u00e9ment\u00e9es d\u2019accents europ\u00e9ens uniques, sont id\u00e9ales pour les visiteurs \u00e0 Qu\u00e9bec.<\/p>\n<p>&nbsp;<\/p>\n<ul>\n<li>Occupation maximale de 2 personnes<\/li>\n<li>Toutes nos chambres sont non-fumeurs<\/li>\n<\/ul>\n<p>[\/vc_column_text][\/vc_column][\/vc_row][vc_row css_animation=\u00a0\u00bb\u00a0\u00bb row_type=\u00a0\u00bbrow\u00a0\u00bb use_row_as_full_screen_section=\u00a0\u00bbno\u00a0\u00bb type=\u00a0\u00bbfull_width\u00a0\u00bb angled_section=\u00a0\u00bbno\u00a0\u00bb text_align=\u00a0\u00bbleft\u00a0\u00bb background_image_as_pattern=\u00a0\u00bbwithout_pattern\u00a0\u00bb z_index=\u00a0\u00bb\u00a0\u00bb][vc_column]<div class='qode_image_gallery_no_space light highlight_active'><div class='qode_image_gallery_holder' style='height: 697px;'><ul  ><li style = \"opacity: 0.6\" ><div style=\"height: 697px; width:1043px;\"><a itemprop=\"image\" class=\"prettyphoto\" data-rel=\"prettyPhoto[rel-2118536685]\" href=\"https:\/\/www.manoirdauteuil.com\/wp-content\/uploads\/Room55_Bedroom_View_BedFromEntrance_V2-fr.jpg\"><img decoding=\"async\" itemprop=\"image\" src=\"https:\/\/www.manoirdauteuil.com\/wp-content\/uploads\/Room55_Bedroom_View_BedFromEntrance_V2-fr.jpg\" alt=\"\" \/><\/a><\/div><\/li><li style = \"opacity: 0.6\" ><div style=\"height: 697px; width:1047px;\"><a itemprop=\"image\" class=\"prettyphoto\" data-rel=\"prettyPhoto[rel-2118536685]\" href=\"https:\/\/www.manoirdauteuil.com\/wp-content\/uploads\/2020\/06\/Room55_Bedroom_View_WindowFromDesk_V2.jpg\"><img decoding=\"async\" itemprop=\"image\" src=\"https:\/\/www.manoirdauteuil.com\/wp-content\/uploads\/2020\/06\/Room55_Bedroom_View_WindowFromDesk_V2.jpg\" alt=\"\" \/><\/a><\/div><\/li><li style = \"opacity: 0.6\" ><div style=\"height: 697px; width:1045px;\"><a itemprop=\"image\" class=\"prettyphoto\" data-rel=\"prettyPhoto[rel-2118536685]\" href=\"https:\/\/www.manoirdauteuil.com\/wp-content\/uploads\/2020\/06\/Room55_Bathroom_View_WindowAndSink.jpg\"><img decoding=\"async\" itemprop=\"image\" src=\"https:\/\/www.manoirdauteuil.com\/wp-content\/uploads\/2020\/06\/Room55_Bathroom_View_WindowAndSink.jpg\" alt=\"\" \/><\/a><\/div><\/li><li style = \"opacity: 0.6\" ><div style=\"height: 697px; width:1009px;\"><a itemprop=\"image\" class=\"prettyphoto\" data-rel=\"prettyPhoto[rel-2118536685]\" href=\"https:\/\/www.manoirdauteuil.com\/wp-content\/uploads\/2020\/06\/Classic-Queen-room-04-art-deco-hotel-quebec-700.jpg\"><img decoding=\"async\" itemprop=\"image\" src=\"https:\/\/www.manoirdauteuil.com\/wp-content\/uploads\/2020\/06\/Classic-Queen-room-04-art-deco-hotel-quebec-700.jpg\" alt=\"\" \/><\/a><\/div><\/li><li style = \"opacity: 0.6\" ><div style=\"height: 697px; width:465px;\"><a itemprop=\"image\" class=\"prettyphoto\" data-rel=\"prettyPhoto[rel-2118536685]\" href=\"https:\/\/www.manoirdauteuil.com\/wp-content\/uploads\/2020\/06\/Room55_Bathroom_View_ShowerAndSink.jpg\"><img decoding=\"async\" itemprop=\"image\" src=\"https:\/\/www.manoirdauteuil.com\/wp-content\/uploads\/2020\/06\/Room55_Bathroom_View_ShowerAndSink.jpg\" alt=\"\" \/><\/a><\/div><\/li><li style = \"opacity: 0.6\" ><div style=\"height: 697px; width:930px;\"><a itemprop=\"image\" class=\"prettyphoto\" data-rel=\"prettyPhoto[rel-2118536685]\" href=\"https:\/\/www.manoirdauteuil.com\/wp-content\/uploads\/queen-room-classic-700-1.jpg\"><img decoding=\"async\" itemprop=\"image\" src=\"https:\/\/www.manoirdauteuil.com\/wp-content\/uploads\/queen-room-classic-700-1.jpg\" alt=\"\" \/><\/a><\/div><\/li><li style = \"opacity: 0.6\" ><div style=\"height: 697px; width:930px;\"><a itemprop=\"image\" class=\"prettyphoto\" data-rel=\"prettyPhoto[rel-2118536685]\" href=\"https:\/\/www.manoirdauteuil.com\/wp-content\/uploads\/queen-room-classic-700-2-1.jpg\"><img decoding=\"async\" itemprop=\"image\" src=\"https:\/\/www.manoirdauteuil.com\/wp-content\/uploads\/queen-room-classic-700-2-1.jpg\" alt=\"\" \/><\/a><\/div><\/li><li style = \"opacity: 0.6\" ><div style=\"height: 697px; width:930px;\"><a itemprop=\"image\" class=\"prettyphoto\" data-rel=\"prettyPhoto[rel-2118536685]\" href=\"https:\/\/www.manoirdauteuil.com\/wp-content\/uploads\/queen-room-classic-700-3-1.jpg\"><img decoding=\"async\" itemprop=\"image\" src=\"https:\/\/www.manoirdauteuil.com\/wp-content\/uploads\/queen-room-classic-700-3-1.jpg\" alt=\"\" \/><\/a><\/div><\/li><li style = \"opacity: 0.6\" ><div style=\"height: 697px; width:930px;\"><a itemprop=\"image\" class=\"prettyphoto\" data-rel=\"prettyPhoto[rel-2118536685]\" href=\"https:\/\/www.manoirdauteuil.com\/wp-content\/uploads\/queen-room-classic-700-4-1.jpg\"><img decoding=\"async\" itemprop=\"image\" src=\"https:\/\/www.manoirdauteuil.com\/wp-content\/uploads\/queen-room-classic-700-4-1.jpg\" alt=\"\" \/><\/a><\/div><\/li><li style = \"opacity: 0.6\" ><div style=\"height: 697px; width:930px;\"><a itemprop=\"image\" class=\"prettyphoto\" data-rel=\"prettyPhoto[rel-2118536685]\" href=\"https:\/\/www.manoirdauteuil.com\/wp-content\/uploads\/queen-room-classic-700-5-1-scaled.jpg\"><img decoding=\"async\" itemprop=\"image\" src=\"https:\/\/www.manoirdauteuil.com\/wp-content\/uploads\/queen-room-classic-700-5-1-scaled.jpg\" alt=\"\" \/><\/a><\/div><\/li><li style = \"opacity: 0.6\" ><div style=\"height: 697px; width:930px;\"><a itemprop=\"image\" class=\"prettyphoto\" data-rel=\"prettyPhoto[rel-2118536685]\" href=\"https:\/\/www.manoirdauteuil.com\/wp-content\/uploads\/queen-room-classic-700-6-1-scaled.jpg\"><img decoding=\"async\" itemprop=\"image\" src=\"https:\/\/www.manoirdauteuil.com\/wp-content\/uploads\/queen-room-classic-700-6-1-scaled.jpg\" alt=\"\" \/><\/a><\/div><\/li><\/ul><\/div><div class=\"controls\"><a class=\"prev-slide\" href=\"#\"><span><i class=\"fa fa-angle-left\"><\/i><\/span><\/a><a class=\"next-slide\" href=\"#\"><span><i class=\"fa fa-angle-right\"><\/i><\/span><\/a><\/div><\/div>[\/vc_column][\/vc_row][vc_row css_animation=\u00a0\u00bb\u00a0\u00bb row_type=\u00a0\u00bbrow\u00a0\u00bb use_row_as_full_screen_section=\u00a0\u00bbno\u00a0\u00bb type=\u00a0\u00bbgrid\u00a0\u00bb angled_section=\u00a0\u00bbno\u00a0\u00bb text_align=\u00a0\u00bbleft\u00a0\u00bb background_image_as_pattern=\u00a0\u00bbwithout_pattern\u00a0\u00bb css=\u00a0\u00bb.vc_custom_1591499988694{padding-top: 30px !important;padding-bottom: 30px !important;background-image: url(https:\/\/manoirdauteuil.com\/wp-content\/uploads\/2018\/01\/background-lines.png?id=104) !important;}\u00a0\u00bb z_index=\u00a0\u00bb\u00a0\u00bb][vc_column width=\u00a0\u00bb1\/4&Prime;]\n\n\t<a href=\"https:\/\/hotels.cloudbeds.com\/reservation\/zFkhyn\" target=\"_blank\" style=\"color: #ffffff;background-color: #e2c13d;font-size: 16px;font-weight: 400\" class=\"qode-btn qode-btn-medium qode-btn-solid qode-btn-custom-hover-bg qode-btn-custom-hover-color qode-btn-default-hover\" data-hover-bg-color=\"#e2b500\" data-hover-color=\"#ffffff\" >\n\t    <span class=\"qode-btn-text\">R\u00c9SERVEZ MAINTENANT<\/span>\t<\/a>\n\n[\/vc_column][vc_column width=\u00a0\u00bb3\/4&Prime;][vc_column_text]<img loading=\"lazy\" decoding=\"async\" class=\"alignnone size-full wp-image-2055\" src=\"http:\/\/manoirdauteuil.com\/wp-content\/uploads\/2020\/03\/icon-persona.png\" alt=\"\" width=\"20\" height=\"20\" \/> <strong>2 <img loading=\"lazy\" decoding=\"async\" class=\"alignnone size-full wp-image-2057\" src=\"http:\/\/manoirdauteuil.com\/wp-content\/uploads\/2020\/03\/icon-square.png\" alt=\"\" width=\"20\" height=\"20\" \/> 17 \u00e0 20 m\u00e8tres carr\u00e9s <img loading=\"lazy\" decoding=\"async\" class=\"alignnone size-full wp-image-2058\" src=\"http:\/\/manoirdauteuil.com\/wp-content\/uploads\/2020\/03\/icon-bed.png\" alt=\"\" width=\"20\" height=\"20\" \/> 1 grand lit (Queen)<\/strong>[\/vc_column_text][\/vc_column][\/vc_row][vc_row css_animation=\u00a0\u00bb\u00a0\u00bb row_type=\u00a0\u00bbrow\u00a0\u00bb use_row_as_full_screen_section=\u00a0\u00bbno\u00a0\u00bb type=\u00a0\u00bbgrid\u00a0\u00bb angled_section=\u00a0\u00bbno\u00a0\u00bb text_align=\u00a0\u00bbleft\u00a0\u00bb background_image_as_pattern=\u00a0\u00bbwithout_pattern\u00a0\u00bb css=\u00a0\u00bb.vc_custom_1591500001850{background-image: url(https:\/\/manoirdauteuil.com\/wp-content\/uploads\/2018\/01\/background-lines.png?id=104) !important;}\u00a0\u00bb z_index=\u00a0\u00bb\u00a0\u00bb][vc_column][vc_separator type=\u00a0\u00bbnormal\u00a0\u00bb color=\u00a0\u00bb#dbb932&Prime; thickness=\u00a0\u00bb2&Prime;][vc_column_text css=\u00a0\u00bb.vc_custom_1682016843969{padding-top: 30px !important;}\u00a0\u00bb]<strong>Caract\u00e9ristiques et commodit\u00e9s de la chambre classique Queen (avec grand lit)<\/strong><\/p>\n<p>&nbsp;<\/p>\n<ul>\n<li>Lit Queen avec matelas \u00e0 coussinet sur\u00e9lev\u00e9<\/li>\n<li>Chauffage et air climatis\u00e9 \u00e0 contr\u00f4le individuel dans la chambre<\/li>\n<li>Des fen\u00eatres qui s\u2019ouvrent<\/li>\n<li>Couettes en duvet et oreillers hypoallerg\u00e9niques<\/li>\n<li>T\u00e9l\u00e9vision avec c\u00e2ble<\/li>\n<li>T\u00e9l\u00e9phone<\/li>\n<li>Wi-Fi haute vitesse<\/li>\n<li>Coffre-fort<\/li>\n<li>S\u00e8che-cheveux<\/li>\n<li>Fer et planche \u00e0 repasser<\/li>\n<li>Bureau \/ coin bureau<\/li>\n<li>Salle de bain priv\u00e9e<\/li>\n<li>R\u00e9frig\u00e9rateur<\/li>\n<li>La taille de la chambre varie entre 17 \u00e0 20 m\u00e8tres carr\u00e9s.<\/li>\n<\/ul>\n<p>[\/vc_column_text][\/vc_column][\/vc_row][vc_row css_animation=\u00a0\u00bb\u00a0\u00bb row_type=\u00a0\u00bbrow\u00a0\u00bb use_row_as_full_screen_section=\u00a0\u00bbno\u00a0\u00bb type=\u00a0\u00bbfull_width\u00a0\u00bb angled_section=\u00a0\u00bbno\u00a0\u00bb text_align=\u00a0\u00bbleft\u00a0\u00bb background_image_as_pattern=\u00a0\u00bbwithout_pattern\u00a0\u00bb css=\u00a0\u00bb.vc_custom_1591498957060{background-image: url(https:\/\/manoirdauteuil.com\/wp-content\/uploads\/2018\/01\/background-lines.png?id=104) !important;}\u00a0\u00bb z_index=\u00a0\u00bb\u00a0\u00bb][vc_column][vc_empty_space height=\u00a0\u00bb62px\u00a0\u00bb][\/vc_column][\/vc_row]<\/p><\/div>","protected":false},"excerpt":{"rendered":"<p>[vc_row css_animation=\u00a0\u00bb\u00a0\u00bb row_type=\u00a0\u00bbrow\u00a0\u00bb use_row_as_full_screen_section=\u00a0\u00bbno\u00a0\u00bb type=\u00a0\u00bbgrid\u00a0\u00bb angled_section=\u00a0\u00bbno\u00a0\u00bb text_align=\u00a0\u00bbleft\u00a0\u00bb background_image_as_pattern=\u00a0\u00bbwithout_pattern\u00a0\u00bb css=\u00a0\u00bb.vc_custom_1591499976441{background-image: url(https:\/\/manoirdauteuil.com\/wp-content\/uploads\/2018\/01\/background-lines.png?id=104) !important;}\u00a0\u00bb z_index=\u00a0\u00bb\u00a0\u00bb][vc_column][vc_row_inner row_type=\u00a0\u00bbrow\u00a0\u00bb type=\u00a0\u00bbfull_width\u00a0\u00bb text_align=\u00a0\u00bbleft\u00a0\u00bb css_animation=\u00a0\u00bb\u00a0\u00bb][vc_column_inner][vc_column_text css=\u00a0\u00bb.vc_custom_1607486624333{padding-top: 30px !important;padding-bottom: 30px !important;}\u00a0\u00bb] CHAMBRES CLASSIQUES QUEEN [\/vc_column_text][\/vc_column_inner][\/vc_row_inner][vc_column_text css=\u00a0\u00bb.vc_custom_1682008348020{padding-bottom: 30px !important;}\u00a0\u00bb]Toutes nos chambres classiques Queen (avec grand lit) offrent un d\u00e9cor art d\u00e9co unique. Chacune propose aux clients&#8230;<\/p>\n","protected":false},"author":1,"featured_media":0,"parent":1956,"menu_order":2,"comment_status":"closed","ping_status":"closed","template":"full_width.php","meta":{"footnotes":""},"class_list":["post-1976","page","type-page","status-publish","hentry"],"_links":{"self":[{"href":"https:\/\/www.manoirdauteuil.com\/fr\/wp-json\/wp\/v2\/pages\/1976","targetHints":{"allow":["GET"]}}],"collection":[{"href":"https:\/\/www.manoirdauteuil.com\/fr\/wp-json\/wp\/v2\/pages"}],"about":[{"href":"https:\/\/www.manoirdauteuil.com\/fr\/wp-json\/wp\/v2\/types\/page"}],"author":[{"embeddable":true,"href":"https:\/\/www.manoirdauteuil.com\/fr\/wp-json\/wp\/v2\/users\/1"}],"replies":[{"embeddable":true,"href":"https:\/\/www.manoirdauteuil.com\/fr\/wp-json\/wp\/v2\/comments?post=1976"}],"version-history":[{"count":17,"href":"https:\/\/www.manoirdauteuil.com\/fr\/wp-json\/wp\/v2\/pages\/1976\/revisions"}],"predecessor-version":[{"id":9177,"href":"https:\/\/www.manoirdauteuil.com\/fr\/wp-json\/wp\/v2\/pages\/1976\/revisions\/9177"}],"up":[{"embeddable":true,"href":"https:\/\/www.manoirdauteuil.com\/fr\/wp-json\/wp\/v2\/pages\/1956"}],"wp:attachment":[{"href":"https:\/\/www.manoirdauteuil.com\/fr\/wp-json\/wp\/v2\/media?parent=1976"}],"curies":[{"name":"wp","href":"https:\/\/api.w.org\/{rel}","templated":true}]}}