{"id":1999,"date":"2020-02-27T12:44:30","date_gmt":"2020-02-27T17:44:30","guid":{"rendered":"http:\/\/manoirdauteuil.com\/chambres\/classic-king-rooms\/"},"modified":"2025-02-06T10:50:30","modified_gmt":"2025-02-06T15:50:30","slug":"chambres-classiques-king","status":"publish","type":"page","link":"https:\/\/www.manoirdauteuil.com\/fr\/chambres\/chambres-classiques-king\/","title":{"rendered":"Chambres Classiques King"},"content":{"rendered":"<div class=\"wpb-content-wrapper\"><p>[vc_row css_animation=\u00a0\u00bb\u00a0\u00bb row_type=\u00a0\u00bbrow\u00a0\u00bb use_row_as_full_screen_section=\u00a0\u00bbno\u00a0\u00bb type=\u00a0\u00bbgrid\u00a0\u00bb angled_section=\u00a0\u00bbno\u00a0\u00bb text_align=\u00a0\u00bbleft\u00a0\u00bb background_image_as_pattern=\u00a0\u00bbwithout_pattern\u00a0\u00bb css=\u00a0\u00bb.vc_custom_1591503735326{background-image: url(https:\/\/manoirdauteuil.com\/wp-content\/uploads\/2018\/01\/background-lines.png?id=104) !important;}\u00a0\u00bb z_index=\u00a0\u00bb\u00a0\u00bb][vc_column][vc_row_inner row_type=\u00a0\u00bbrow\u00a0\u00bb type=\u00a0\u00bbfull_width\u00a0\u00bb text_align=\u00a0\u00bbleft\u00a0\u00bb css_animation=\u00a0\u00bb\u00a0\u00bb][vc_column_inner][vc_column_text css=\u00a0\u00bb.vc_custom_1607487018026{padding-top: 30px !important;padding-bottom: 30px !important;}\u00a0\u00bb]<\/p>\n<h2 style=\"text-align: center;\">CHAMBRES CLASSIQUES KING<\/h2>\n<p>[\/vc_column_text][\/vc_column_inner][\/vc_row_inner][vc_column_text css=\u00a0\u00bb.vc_custom_1714843980730{padding-bottom: 30px !important;}\u00a0\u00bb]Nos chambres classiques King invitent les voyageurs \u00e0 vivre l\u2019exp\u00e9rience authentique des g\u00eetes du Vieux-Qu\u00e9bec. Chacune de ces chambres deviendra votre havre de paix apr\u00e8s une journ\u00e9e pass\u00e9e \u00e0 explorer les nombreux attraits touristiques des environs.<\/p>\n<p>&nbsp;<\/p>\n<p>Ces douillettes chambres sans vue sur la rue sont situ\u00e9es aux \u00e9tages inf\u00e9rieurs, \u00e0 l&rsquo;arri\u00e8re du b\u00e2timent, assurant tranquillit\u00e9 pour un sommeil paisible loin des bruits de la ville. Elles disposent d\u2019un spacieux espace de travail et de la connexion Internet haute vitesse, convenant parfaitement \u00e0 ceux qui doivent combiner travail et loisir.<\/p>\n<p>&nbsp;<\/p>\n<p>Chaque chambre de la cat\u00e9gorie classique King a sa personnalit\u00e9 unique, puisque d\u00e9cor et dimension diff\u00e8re pour chacune d\u2019elles. Mais toutes sont \u00e9quip\u00e9es d\u2019un lit King, d\u2019un grand bureau de travail ainsi que d\u2019un r\u00e9frig\u00e9rateur. Il est possible d\u2019ajouter un lit simple suppl\u00e9mentaire ($) dans certaines d\u2019entre elles, permettant \u00e0 une troisi\u00e8me personne d\u2019occuper la chambre.<\/p>\n<p>&nbsp;<\/p>\n<p>Nos h\u00f4tes peuvent s&rsquo;\u00e9vader dans le calme de notre cour int\u00e9rieure, petit espace cach\u00e9 si typique de l\u2019architecture du Vieux-Qu\u00e9bec, ou encore prendre du soleil sur notre terrasse sur le toit avec le parfum des fleurs en pleine floraison. Notre personnel attentionn\u00e9 sera heureux de vous servir une collation ou une consommation provenant de notre bar que vous pourrez d\u00e9guster dans le confort de votre chambre classique King, du salon, de la cour int\u00e9rieure ou de la terrasse.<\/p>\n<p>&nbsp;<\/p>\n<ul>\n<li>Chambre classique King \u2013 occupation maximale de 2 ou 3 personnes<\/li>\n<li>Toutes nos chambres sont non-fumeurs<\/li>\n<\/ul>\n<p>[\/vc_column_text][\/vc_column][\/vc_row][vc_row css_animation=\u00a0\u00bb\u00a0\u00bb row_type=\u00a0\u00bbrow\u00a0\u00bb use_row_as_full_screen_section=\u00a0\u00bbno\u00a0\u00bb type=\u00a0\u00bbfull_width\u00a0\u00bb angled_section=\u00a0\u00bbno\u00a0\u00bb text_align=\u00a0\u00bbleft\u00a0\u00bb background_image_as_pattern=\u00a0\u00bbwithout_pattern\u00a0\u00bb][vc_column]<div class='qode_image_gallery_no_space light highlight_active'><div class='qode_image_gallery_holder' style='height: 697px;'><ul  ><li style = \"opacity: 0.6\" ><div style=\"height: 697px; width:930px;\"><a itemprop=\"image\" class=\"prettyphoto\" data-rel=\"prettyPhoto[rel-1180603678]\" href=\"https:\/\/www.manoirdauteuil.com\/wp-content\/uploads\/classic-king-1.jpg\"><img decoding=\"async\" itemprop=\"image\" src=\"https:\/\/www.manoirdauteuil.com\/wp-content\/uploads\/classic-king-1.jpg\" alt=\"\" \/><\/a><\/div><\/li><li style = \"opacity: 0.6\" ><div style=\"height: 697px; width:1043px;\"><a itemprop=\"image\" class=\"prettyphoto\" data-rel=\"prettyPhoto[rel-1180603678]\" href=\"https:\/\/www.manoirdauteuil.com\/wp-content\/uploads\/2020\/06\/Room54_Bedroom_View_BedFromEntrance_V2.jpg\"><img decoding=\"async\" itemprop=\"image\" src=\"https:\/\/www.manoirdauteuil.com\/wp-content\/uploads\/2020\/06\/Room54_Bedroom_View_BedFromEntrance_V2.jpg\" alt=\"\" \/><\/a><\/div><\/li><li style = \"opacity: 0.6\" ><div style=\"height: 697px; width:1045px;\"><a itemprop=\"image\" class=\"prettyphoto\" data-rel=\"prettyPhoto[rel-1180603678]\" href=\"https:\/\/www.manoirdauteuil.com\/wp-content\/uploads\/2020\/06\/Room54_Bathroom_View_Shower.jpg\"><img decoding=\"async\" itemprop=\"image\" src=\"https:\/\/www.manoirdauteuil.com\/wp-content\/uploads\/2020\/06\/Room54_Bathroom_View_Shower.jpg\" alt=\"\" \/><\/a><\/div><\/li><li style = \"opacity: 0.6\" ><div style=\"height: 697px; width:1042px;\"><a itemprop=\"image\" class=\"prettyphoto\" data-rel=\"prettyPhoto[rel-1180603678]\" href=\"https:\/\/www.manoirdauteuil.com\/wp-content\/uploads\/2020\/06\/Room56_Bathroom_View_ShowerAndSink.jpg\"><img decoding=\"async\" itemprop=\"image\" src=\"https:\/\/www.manoirdauteuil.com\/wp-content\/uploads\/2020\/06\/Room56_Bathroom_View_ShowerAndSink.jpg\" alt=\"\" \/><\/a><\/div><\/li><li style = \"opacity: 0.6\" ><div style=\"height: 697px; width:465px;\"><a itemprop=\"image\" class=\"prettyphoto\" data-rel=\"prettyPhoto[rel-1180603678]\" href=\"https:\/\/www.manoirdauteuil.com\/wp-content\/uploads\/2020\/06\/Room10_Bathroom_View_SinkAndMirror.jpg\"><img decoding=\"async\" itemprop=\"image\" src=\"https:\/\/www.manoirdauteuil.com\/wp-content\/uploads\/2020\/06\/Room10_Bathroom_View_SinkAndMirror.jpg\" alt=\"\" \/><\/a><\/div><\/li><li style = \"opacity: 0.6\" ><div style=\"height: 697px; width:1071px;\"><a itemprop=\"image\" class=\"prettyphoto\" data-rel=\"prettyPhoto[rel-1180603678]\" href=\"https:\/\/www.manoirdauteuil.com\/wp-content\/uploads\/2020\/06\/Room-53-Classic-King-art-deco-hotel-quebec-8b-700.jpg\"><img decoding=\"async\" itemprop=\"image\" src=\"https:\/\/www.manoirdauteuil.com\/wp-content\/uploads\/2020\/06\/Room-53-Classic-King-art-deco-hotel-quebec-8b-700.jpg\" alt=\"\" \/><\/a><\/div><\/li><li style = \"opacity: 0.6\" ><div style=\"height: 697px; width:1000px;\"><a itemprop=\"image\" class=\"prettyphoto\" data-rel=\"prettyPhoto[rel-1180603678]\" href=\"https:\/\/www.manoirdauteuil.com\/wp-content\/uploads\/2020\/06\/Room-53-art-deco-hotel-quebec-8c-700.jpg\"><img decoding=\"async\" itemprop=\"image\" src=\"https:\/\/www.manoirdauteuil.com\/wp-content\/uploads\/2020\/06\/Room-53-art-deco-hotel-quebec-8c-700.jpg\" alt=\"\" \/><\/a><\/div><\/li><li style = \"opacity: 0.6\" ><div style=\"height: 697px; width:523px;\"><a itemprop=\"image\" class=\"prettyphoto\" data-rel=\"prettyPhoto[rel-1180603678]\" href=\"https:\/\/www.manoirdauteuil.com\/wp-content\/uploads\/classic-king-2.jpg\"><img decoding=\"async\" itemprop=\"image\" src=\"https:\/\/www.manoirdauteuil.com\/wp-content\/uploads\/classic-king-2.jpg\" alt=\"\" \/><\/a><\/div><\/li><li style = \"opacity: 0.6\" ><div style=\"height: 697px; width:930px;\"><a itemprop=\"image\" class=\"prettyphoto\" data-rel=\"prettyPhoto[rel-1180603678]\" href=\"https:\/\/www.manoirdauteuil.com\/wp-content\/uploads\/classic-king-4.jpg\"><img decoding=\"async\" itemprop=\"image\" src=\"https:\/\/www.manoirdauteuil.com\/wp-content\/uploads\/classic-king-4.jpg\" alt=\"\" \/><\/a><\/div><\/li><\/ul><\/div><div class=\"controls\"><a class=\"prev-slide\" href=\"#\"><span><i class=\"fa fa-angle-left\"><\/i><\/span><\/a><a class=\"next-slide\" href=\"#\"><span><i class=\"fa fa-angle-right\"><\/i><\/span><\/a><\/div><\/div>[\/vc_column][\/vc_row][vc_row css_animation=\u00a0\u00bb\u00a0\u00bb row_type=\u00a0\u00bbrow\u00a0\u00bb use_row_as_full_screen_section=\u00a0\u00bbno\u00a0\u00bb type=\u00a0\u00bbgrid\u00a0\u00bb angled_section=\u00a0\u00bbno\u00a0\u00bb text_align=\u00a0\u00bbleft\u00a0\u00bb background_image_as_pattern=\u00a0\u00bbwithout_pattern\u00a0\u00bb css=\u00a0\u00bb.vc_custom_1591504831125{padding-top: 30px !important;padding-bottom: 30px !important;background-image: url(https:\/\/manoirdauteuil.com\/wp-content\/uploads\/2018\/01\/background-lines.png?id=104) !important;}\u00a0\u00bb z_index=\u00a0\u00bb\u00a0\u00bb][vc_column width=\u00a0\u00bb1\/4&Prime;]\n\n\t<a href=\"https:\/\/hotels.cloudbeds.com\/reservation\/zFkhyn\" target=\"_blank\" style=\"color: #ffffff;background-color: #e2c13d;font-size: 16px;font-weight: 400\" class=\"qode-btn qode-btn-medium qode-btn-solid qode-btn-custom-hover-bg qode-btn-custom-hover-color qode-btn-default-hover\" data-hover-bg-color=\"#e2b500\" data-hover-color=\"#ffffff\" >\n\t    <span class=\"qode-btn-text\">R\u00c9SERVEZ MAINTENANT<\/span>\t<\/a>\n\n[\/vc_column][vc_column width=\u00a0\u00bb3\/4&Prime;][vc_column_text]<img loading=\"lazy\" decoding=\"async\" class=\"alignnone size-full wp-image-2055\" src=\"http:\/\/manoirdauteuil.com\/wp-content\/uploads\/2020\/03\/icon-persona.png\" alt=\"\" width=\"20\" height=\"20\" \/> <strong>2 <img loading=\"lazy\" decoding=\"async\" class=\"alignnone size-full wp-image-2057\" src=\"http:\/\/manoirdauteuil.com\/wp-content\/uploads\/2020\/03\/icon-square.png\" alt=\"\" width=\"20\" height=\"20\" \/> 23 m\u00e8tres carr\u00e9es <img loading=\"lazy\" decoding=\"async\" class=\"alignnone size-full wp-image-2058\" src=\"http:\/\/manoirdauteuil.com\/wp-content\/uploads\/2020\/03\/icon-bed.png\" alt=\"\" width=\"20\" height=\"20\" \/> 1 tr\u00e8s grand lit (King) et la possibilit\u00e9 d&rsquo;ajouter un lit simple dans certaines chambres<\/strong>[\/vc_column_text][\/vc_column][\/vc_row][vc_row css_animation=\u00a0\u00bb\u00a0\u00bb row_type=\u00a0\u00bbrow\u00a0\u00bb use_row_as_full_screen_section=\u00a0\u00bbno\u00a0\u00bb type=\u00a0\u00bbgrid\u00a0\u00bb angled_section=\u00a0\u00bbno\u00a0\u00bb text_align=\u00a0\u00bbleft\u00a0\u00bb background_image_as_pattern=\u00a0\u00bbwithout_pattern\u00a0\u00bb css=\u00a0\u00bb.vc_custom_1591503816734{background-image: url(https:\/\/manoirdauteuil.com\/wp-content\/uploads\/2018\/01\/background-lines.png?id=104) !important;}\u00a0\u00bb z_index=\u00a0\u00bb\u00a0\u00bb][vc_column][vc_separator type=\u00a0\u00bbnormal\u00a0\u00bb color=\u00a0\u00bb#dbb932&Prime; thickness=\u00a0\u00bb2&Prime;][vc_column_text css=\u00a0\u00bb.vc_custom_1682008753011{padding-top: 30px !important;}\u00a0\u00bb]<strong>Caract\u00e9ristiques et commodit\u00e9s de la chambre classique King (avec tr\u00e8s grand lit)<\/strong><\/p>\n<p>&nbsp;<\/p>\n<ul>\n<li>Lit King avec matelas \u00e0 coussinet sur\u00e9lev\u00e9 (possibilit\u00e9 d\u2019ajouter un lit simple dans la chambre moyennant un frais suppl\u00e9mentaire)<\/li>\n<li>Chauffage et air climatis\u00e9 \u00e0 contr\u00f4le individuel dans la chambre<\/li>\n<li>Des fen\u00eatres qui s\u2019ouvrent<\/li>\n<li>Couettes en duvet et oreillers hypoallerg\u00e9niques<\/li>\n<li>T\u00e9l\u00e9vision<\/li>\n<li>T\u00e9l\u00e9phone avec c\u00e2ble<\/li>\n<li>Wifi haute-vitesse<\/li>\n<li>Coffre-fort<\/li>\n<li>S\u00e8che-cheveux<\/li>\n<li>Fer et planche \u00e0 repasser<\/li>\n<li>Bureau \/ coin bureau<\/li>\n<li>R\u00e9frig\u00e9rateur<\/li>\n<li>Salle de bain priv\u00e9e<\/li>\n<li>La taille de la chambre est approximativement de 23 m\u00e8tres carr\u00e9s.<\/li>\n<\/ul>\n<p>[\/vc_column_text][\/vc_column][\/vc_row][vc_row css_animation=\u00a0\u00bb\u00a0\u00bb row_type=\u00a0\u00bbrow\u00a0\u00bb use_row_as_full_screen_section=\u00a0\u00bbno\u00a0\u00bb type=\u00a0\u00bbgrid\u00a0\u00bb angled_section=\u00a0\u00bbno\u00a0\u00bb text_align=\u00a0\u00bbleft\u00a0\u00bb background_image_as_pattern=\u00a0\u00bbwithout_pattern\u00a0\u00bb css=\u00a0\u00bb.vc_custom_1591503776857{background-image: url(https:\/\/manoirdauteuil.com\/wp-content\/uploads\/2018\/01\/background-lines.png?id=104) !important;}\u00a0\u00bb z_index=\u00a0\u00bb\u00a0\u00bb][vc_column][vc_empty_space height=\u00a0\u00bb62px\u00a0\u00bb][\/vc_column][\/vc_row]<\/p><\/div>","protected":false},"excerpt":{"rendered":"<p>[vc_row css_animation=\u00a0\u00bb\u00a0\u00bb row_type=\u00a0\u00bbrow\u00a0\u00bb use_row_as_full_screen_section=\u00a0\u00bbno\u00a0\u00bb type=\u00a0\u00bbgrid\u00a0\u00bb angled_section=\u00a0\u00bbno\u00a0\u00bb text_align=\u00a0\u00bbleft\u00a0\u00bb background_image_as_pattern=\u00a0\u00bbwithout_pattern\u00a0\u00bb css=\u00a0\u00bb.vc_custom_1591503735326{background-image: url(https:\/\/manoirdauteuil.com\/wp-content\/uploads\/2018\/01\/background-lines.png?id=104) !important;}\u00a0\u00bb z_index=\u00a0\u00bb\u00a0\u00bb][vc_column][vc_row_inner row_type=\u00a0\u00bbrow\u00a0\u00bb type=\u00a0\u00bbfull_width\u00a0\u00bb text_align=\u00a0\u00bbleft\u00a0\u00bb css_animation=\u00a0\u00bb\u00a0\u00bb][vc_column_inner][vc_column_text css=\u00a0\u00bb.vc_custom_1607487018026{padding-top: 30px !important;padding-bottom: 30px !important;}\u00a0\u00bb] CHAMBRES CLASSIQUES KING [\/vc_column_text][\/vc_column_inner][\/vc_row_inner][vc_column_text css=\u00a0\u00bb.vc_custom_1714843980730{padding-bottom: 30px !important;}\u00a0\u00bb]Nos chambres classiques King invitent les voyageurs \u00e0 vivre l\u2019exp\u00e9rience authentique des g\u00eetes du Vieux-Qu\u00e9bec. Chacune de ces&#8230;<\/p>\n","protected":false},"author":1,"featured_media":0,"parent":1956,"menu_order":3,"comment_status":"closed","ping_status":"closed","template":"full_width.php","meta":{"footnotes":""},"class_list":["post-1999","page","type-page","status-publish","hentry"],"_links":{"self":[{"href":"https:\/\/www.manoirdauteuil.com\/fr\/wp-json\/wp\/v2\/pages\/1999","targetHints":{"allow":["GET"]}}],"collection":[{"href":"https:\/\/www.manoirdauteuil.com\/fr\/wp-json\/wp\/v2\/pages"}],"about":[{"href":"https:\/\/www.manoirdauteuil.com\/fr\/wp-json\/wp\/v2\/types\/page"}],"author":[{"embeddable":true,"href":"https:\/\/www.manoirdauteuil.com\/fr\/wp-json\/wp\/v2\/users\/1"}],"replies":[{"embeddable":true,"href":"https:\/\/www.manoirdauteuil.com\/fr\/wp-json\/wp\/v2\/comments?post=1999"}],"version-history":[{"count":15,"href":"https:\/\/www.manoirdauteuil.com\/fr\/wp-json\/wp\/v2\/pages\/1999\/revisions"}],"predecessor-version":[{"id":9178,"href":"https:\/\/www.manoirdauteuil.com\/fr\/wp-json\/wp\/v2\/pages\/1999\/revisions\/9178"}],"up":[{"embeddable":true,"href":"https:\/\/www.manoirdauteuil.com\/fr\/wp-json\/wp\/v2\/pages\/1956"}],"wp:attachment":[{"href":"https:\/\/www.manoirdauteuil.com\/fr\/wp-json\/wp\/v2\/media?parent=1999"}],"curies":[{"name":"wp","href":"https:\/\/api.w.org\/{rel}","templated":true}]}}