{"id":2033,"date":"2020-02-27T12:45:00","date_gmt":"2020-02-27T17:45:00","guid":{"rendered":"http:\/\/manoirdauteuil.com\/chambres\/chapel-room\/"},"modified":"2025-02-06T10:51:37","modified_gmt":"2025-02-06T15:51:37","slug":"chambre-chapelle","status":"publish","type":"page","link":"https:\/\/www.manoirdauteuil.com\/fr\/chambres\/chambre-chapelle\/","title":{"rendered":"Chambre Chapelle"},"content":{"rendered":"<div class=\"wpb-content-wrapper\"><p>[vc_row css_animation=\u00a0\u00bb\u00a0\u00bb row_type=\u00a0\u00bbrow\u00a0\u00bb use_row_as_full_screen_section=\u00a0\u00bbno\u00a0\u00bb type=\u00a0\u00bbgrid\u00a0\u00bb angled_section=\u00a0\u00bbno\u00a0\u00bb text_align=\u00a0\u00bbleft\u00a0\u00bb background_image_as_pattern=\u00a0\u00bbwithout_pattern\u00a0\u00bb css=\u00a0\u00bb.vc_custom_1591497021082{background-image: url(https:\/\/manoirdauteuil.com\/wp-content\/uploads\/2018\/01\/background-lines.png?id=104) !important;}\u00a0\u00bb z_index=\u00a0\u00bb\u00a0\u00bb][vc_column][vc_row_inner row_type=\u00a0\u00bbrow\u00a0\u00bb type=\u00a0\u00bbgrid\u00a0\u00bb text_align=\u00a0\u00bbleft\u00a0\u00bb css_animation=\u00a0\u00bb\u00a0\u00bb css=\u00a0\u00bb.vc_custom_1591496872704{padding-bottom: 30px !important;}\u00a0\u00bb][vc_column_inner][vc_column_text css=\u00a0\u00bb.vc_custom_1607487604249{padding-top: 30px !important;}\u00a0\u00bb]<\/p>\n<h2 style=\"text-align: center;\">CHAMBRE CHAPELLE<\/h2>\n<p>[\/vc_column_text][\/vc_column_inner][\/vc_row_inner][vc_column_text css=\u00a0\u00bb.vc_custom_1681409376726{padding-bottom: 30px !important;}\u00a0\u00bb]La chambre Chapelle est absolument unique dans sa propre cat\u00e9gorie. Cette chambre adorable \u00e9tait \u00e0 l\u2019origine la chapelle de la famille. Elle est parfaite pour des amis voyageant ensemble ou pour un parent voyageant avec son enfant, en raison de ses deux lits jumeaux.<\/p>\n<p>&nbsp;<\/p>\n<p>La chambre est douillette et la petite salle de bain est carrel\u00e9e de marbre noir et blanc. Situ\u00e9e au rez-de-chauss\u00e9e, elle est id\u00e9ale pour les voyageurs \u00e9puis\u00e9s apr\u00e8s une journ\u00e9e pass\u00e9e dans l\u2019une des stations de ski de Qu\u00e9bec ou \u00e0 visiter les nombreux sites touristiques \u00e0 quelques pas du Manoir d\u2019Auteuil.<\/p>\n<p>&nbsp;<\/p>\n<ul>\n<li>Occupation maximale de 2 personnes<\/li>\n<li>Toutes nos chambres sont non-fumeurs<\/li>\n<\/ul>\n<p>[\/vc_column_text][\/vc_column][\/vc_row][vc_row css_animation=\u00a0\u00bb\u00a0\u00bb row_type=\u00a0\u00bbrow\u00a0\u00bb use_row_as_full_screen_section=\u00a0\u00bbno\u00a0\u00bb type=\u00a0\u00bbfull_width\u00a0\u00bb angled_section=\u00a0\u00bbno\u00a0\u00bb text_align=\u00a0\u00bbleft\u00a0\u00bb background_image_as_pattern=\u00a0\u00bbwithout_pattern\u00a0\u00bb z_index=\u00a0\u00bb\u00a0\u00bb][vc_column]<div class='qode_image_gallery_no_space light highlight_active'><div class='qode_image_gallery_holder' style='height: 697px;'><ul  ><li style = \"opacity: 0.6\" ><div style=\"height: 697px; width:930px;\"><a itemprop=\"image\" class=\"prettyphoto\" data-rel=\"prettyPhoto[rel-1657824312]\" href=\"https:\/\/www.manoirdauteuil.com\/wp-content\/uploads\/chapel-room.jpg\"><img decoding=\"async\" itemprop=\"image\" src=\"https:\/\/www.manoirdauteuil.com\/wp-content\/uploads\/chapel-room.jpg\" alt=\"\" \/><\/a><\/div><\/li><li style = \"opacity: 0.6\" ><div style=\"height: 697px; width:930px;\"><a itemprop=\"image\" class=\"prettyphoto\" data-rel=\"prettyPhoto[rel-1657824312]\" href=\"https:\/\/www.manoirdauteuil.com\/wp-content\/uploads\/chapel-room-2.jpg\"><img decoding=\"async\" itemprop=\"image\" src=\"https:\/\/www.manoirdauteuil.com\/wp-content\/uploads\/chapel-room-2.jpg\" alt=\"\" \/><\/a><\/div><\/li><li style = \"opacity: 0.6\" ><div style=\"height: 697px; width:930px;\"><a itemprop=\"image\" class=\"prettyphoto\" data-rel=\"prettyPhoto[rel-1657824312]\" href=\"https:\/\/www.manoirdauteuil.com\/wp-content\/uploads\/chapel-room-3.jpg\"><img decoding=\"async\" itemprop=\"image\" src=\"https:\/\/www.manoirdauteuil.com\/wp-content\/uploads\/chapel-room-3.jpg\" alt=\"\" \/><\/a><\/div><\/li><li style = \"opacity: 0.6\" ><div style=\"height: 697px; width:930px;\"><a itemprop=\"image\" class=\"prettyphoto\" data-rel=\"prettyPhoto[rel-1657824312]\" href=\"https:\/\/www.manoirdauteuil.com\/wp-content\/uploads\/chapel-room-4.jpg\"><img decoding=\"async\" itemprop=\"image\" src=\"https:\/\/www.manoirdauteuil.com\/wp-content\/uploads\/chapel-room-4.jpg\" alt=\"\" \/><\/a><\/div><\/li><\/ul><\/div><div class=\"controls\"><a class=\"prev-slide\" href=\"#\"><span><i class=\"fa fa-angle-left\"><\/i><\/span><\/a><a class=\"next-slide\" href=\"#\"><span><i class=\"fa fa-angle-right\"><\/i><\/span><\/a><\/div><\/div>[\/vc_column][\/vc_row][vc_row css_animation=\u00a0\u00bb\u00a0\u00bb row_type=\u00a0\u00bbrow\u00a0\u00bb use_row_as_full_screen_section=\u00a0\u00bbno\u00a0\u00bb type=\u00a0\u00bbgrid\u00a0\u00bb angled_section=\u00a0\u00bbno\u00a0\u00bb text_align=\u00a0\u00bbleft\u00a0\u00bb background_image_as_pattern=\u00a0\u00bbwithout_pattern\u00a0\u00bb css=\u00a0\u00bb.vc_custom_1591496885683{padding-top: 30px !important;padding-bottom: 30px !important;background-image: url(https:\/\/manoirdauteuil.com\/wp-content\/uploads\/2018\/01\/background-lines.png?id=104) !important;}\u00a0\u00bb z_index=\u00a0\u00bb\u00a0\u00bb][vc_column width=\u00a0\u00bb1\/4&Prime;]\n\n\t<a href=\"https:\/\/hotels.cloudbeds.com\/reservation\/zFkhyn\" target=\"_blank\" style=\"color: #ffffff;background-color: #e2c13d;font-size: 16px;font-weight: 400\" class=\"qode-btn qode-btn-medium qode-btn-solid qode-btn-custom-hover-bg qode-btn-custom-hover-color qode-btn-default-hover\" data-hover-bg-color=\"#e2b500\" data-hover-color=\"#ffffff\" >\n\t    <span class=\"qode-btn-text\">R\u00c9SERVEZ MAINTENANT<\/span>\t<\/a>\n\n[\/vc_column][vc_column width=\u00a0\u00bb3\/4&Prime;][vc_column_text]<strong><img loading=\"lazy\" decoding=\"async\" class=\"alignnone size-full wp-image-2055\" src=\"https:\/\/manoirdauteuil.com\/wp-content\/uploads\/2020\/03\/icon-persona.png\" alt=\"\" width=\"20\" height=\"20\" \/> 2 <img loading=\"lazy\" decoding=\"async\" class=\"alignnone size-full wp-image-2057\" src=\"https:\/\/manoirdauteuil.com\/wp-content\/uploads\/2020\/03\/icon-square.png\" alt=\"\" width=\"20\" height=\"20\" \/> 13,5 m\u00e8tres carr\u00e9s <img loading=\"lazy\" decoding=\"async\" class=\"alignnone size-full wp-image-2058\" src=\"https:\/\/manoirdauteuil.com\/wp-content\/uploads\/2020\/03\/icon-bed.png\" alt=\"\" width=\"20\" height=\"20\" \/> 2 lits jumeaux<\/strong>[\/vc_column_text][\/vc_column][\/vc_row][vc_row css_animation=\u00a0\u00bb\u00a0\u00bb row_type=\u00a0\u00bbrow\u00a0\u00bb use_row_as_full_screen_section=\u00a0\u00bbno\u00a0\u00bb type=\u00a0\u00bbgrid\u00a0\u00bb angled_section=\u00a0\u00bbno\u00a0\u00bb text_align=\u00a0\u00bbleft\u00a0\u00bb background_image_as_pattern=\u00a0\u00bbwithout_pattern\u00a0\u00bb css=\u00a0\u00bb.vc_custom_1591496898349{background-image: url(https:\/\/manoirdauteuil.com\/wp-content\/uploads\/2018\/01\/background-lines.png?id=104) !important;}\u00a0\u00bb z_index=\u00a0\u00bb\u00a0\u00bb][vc_column][vc_separator type=\u00a0\u00bbnormal\u00a0\u00bb color=\u00a0\u00bb#dbb932&Prime; thickness=\u00a0\u00bb2&Prime;][vc_column_text css=\u00a0\u00bb.vc_custom_1682009098633{padding-top: 30px !important;}\u00a0\u00bb]<strong>Caract\u00e9ristiques et commodit\u00e9s de la chambre Chapelle<\/strong><\/p>\n<p>&nbsp;<\/p>\n<ul>\n<li>Deux lits simples avec matelas \u00e0 coussinet sur\u00e9lev\u00e9<\/li>\n<li>Chauffage et air climatis\u00e9 \u00e0 contr\u00f4le individuel dans la chambre<\/li>\n<li>Des fen\u00eatres qui s\u2019ouvrent<\/li>\n<li>Couettes en duvet et oreillers hypoallerg\u00e9niques<\/li>\n<li>T\u00e9l\u00e9vision avec c\u00e2ble<\/li>\n<li>T\u00e9l\u00e9phone<\/li>\n<li>Wifi haute-vitesse<\/li>\n<li>S\u00e8che-cheveux<\/li>\n<li>R\u00e9frig\u00e9rateur<\/li>\n<li>Fer et planche \u00e0 repasser<\/li>\n<li>Bureau \/ coin bureau<\/li>\n<li>Salle de bain priv\u00e9e<\/li>\n<li>La taille de la chambre est de 13.5 m\u00e8tres carr\u00e9s.<\/li>\n<\/ul>\n<p>[\/vc_column_text][\/vc_column][\/vc_row][vc_row css_animation=\u00a0\u00bb\u00a0\u00bb row_type=\u00a0\u00bbrow\u00a0\u00bb use_row_as_full_screen_section=\u00a0\u00bbno\u00a0\u00bb type=\u00a0\u00bbfull_width\u00a0\u00bb angled_section=\u00a0\u00bbno\u00a0\u00bb text_align=\u00a0\u00bbleft\u00a0\u00bb background_image_as_pattern=\u00a0\u00bbwithout_pattern\u00a0\u00bb css=\u00a0\u00bb.vc_custom_1591495090280{background-image: url(https:\/\/manoirdauteuil.com\/wp-content\/uploads\/2018\/01\/background-lines.png?id=104) !important;}\u00a0\u00bb z_index=\u00a0\u00bb\u00a0\u00bb][vc_column][vc_empty_space height=\u00a0\u00bb62px\u00a0\u00bb][\/vc_column][\/vc_row]<\/p><\/div>","protected":false},"excerpt":{"rendered":"<p>[vc_row css_animation=\u00a0\u00bb\u00a0\u00bb row_type=\u00a0\u00bbrow\u00a0\u00bb use_row_as_full_screen_section=\u00a0\u00bbno\u00a0\u00bb type=\u00a0\u00bbgrid\u00a0\u00bb angled_section=\u00a0\u00bbno\u00a0\u00bb text_align=\u00a0\u00bbleft\u00a0\u00bb background_image_as_pattern=\u00a0\u00bbwithout_pattern\u00a0\u00bb css=\u00a0\u00bb.vc_custom_1591497021082{background-image: url(https:\/\/manoirdauteuil.com\/wp-content\/uploads\/2018\/01\/background-lines.png?id=104) !important;}\u00a0\u00bb z_index=\u00a0\u00bb\u00a0\u00bb][vc_column][vc_row_inner row_type=\u00a0\u00bbrow\u00a0\u00bb type=\u00a0\u00bbgrid\u00a0\u00bb text_align=\u00a0\u00bbleft\u00a0\u00bb css_animation=\u00a0\u00bb\u00a0\u00bb css=\u00a0\u00bb.vc_custom_1591496872704{padding-bottom: 30px !important;}\u00a0\u00bb][vc_column_inner][vc_column_text css=\u00a0\u00bb.vc_custom_1607487604249{padding-top: 30px !important;}\u00a0\u00bb] CHAMBRE CHAPELLE [\/vc_column_text][\/vc_column_inner][\/vc_row_inner][vc_column_text css=\u00a0\u00bb.vc_custom_1681409376726{padding-bottom: 30px !important;}\u00a0\u00bb]La chambre Chapelle est absolument unique dans sa propre cat\u00e9gorie. Cette chambre adorable \u00e9tait \u00e0 l\u2019origine la chapelle&#8230;<\/p>\n","protected":false},"author":1,"featured_media":0,"parent":1956,"menu_order":5,"comment_status":"closed","ping_status":"closed","template":"full_width.php","meta":{"footnotes":""},"class_list":["post-2033","page","type-page","status-publish","hentry"],"_links":{"self":[{"href":"https:\/\/www.manoirdauteuil.com\/fr\/wp-json\/wp\/v2\/pages\/2033","targetHints":{"allow":["GET"]}}],"collection":[{"href":"https:\/\/www.manoirdauteuil.com\/fr\/wp-json\/wp\/v2\/pages"}],"about":[{"href":"https:\/\/www.manoirdauteuil.com\/fr\/wp-json\/wp\/v2\/types\/page"}],"author":[{"embeddable":true,"href":"https:\/\/www.manoirdauteuil.com\/fr\/wp-json\/wp\/v2\/users\/1"}],"replies":[{"embeddable":true,"href":"https:\/\/www.manoirdauteuil.com\/fr\/wp-json\/wp\/v2\/comments?post=2033"}],"version-history":[{"count":13,"href":"https:\/\/www.manoirdauteuil.com\/fr\/wp-json\/wp\/v2\/pages\/2033\/revisions"}],"predecessor-version":[{"id":9180,"href":"https:\/\/www.manoirdauteuil.com\/fr\/wp-json\/wp\/v2\/pages\/2033\/revisions\/9180"}],"up":[{"embeddable":true,"href":"https:\/\/www.manoirdauteuil.com\/fr\/wp-json\/wp\/v2\/pages\/1956"}],"wp:attachment":[{"href":"https:\/\/www.manoirdauteuil.com\/fr\/wp-json\/wp\/v2\/media?parent=2033"}],"curies":[{"name":"wp","href":"https:\/\/api.w.org\/{rel}","templated":true}]}}