{"id":2065,"date":"2020-02-27T12:48:55","date_gmt":"2020-02-27T17:48:55","guid":{"rendered":"http:\/\/manoirdauteuil.com\/suites\/sewell-junior-suite\/"},"modified":"2025-02-06T10:53:49","modified_gmt":"2025-02-06T15:53:49","slug":"suite-junior-sewell","status":"publish","type":"page","link":"https:\/\/www.manoirdauteuil.com\/fr\/suites\/suite-junior-sewell\/","title":{"rendered":"Suite Junior Sewell"},"content":{"rendered":"<div class=\"wpb-content-wrapper\"><p>[vc_row css_animation=\u00a0\u00bb\u00a0\u00bb row_type=\u00a0\u00bbrow\u00a0\u00bb use_row_as_full_screen_section=\u00a0\u00bbno\u00a0\u00bb type=\u00a0\u00bbgrid\u00a0\u00bb angled_section=\u00a0\u00bbno\u00a0\u00bb text_align=\u00a0\u00bbleft\u00a0\u00bb background_image_as_pattern=\u00a0\u00bbwithout_pattern\u00a0\u00bb z_index=\u00a0\u00bb\u00a0\u00bb css=\u00a0\u00bb.vc_custom_1591425456700{background-image: url(https:\/\/manoirdauteuil.com\/wp-content\/uploads\/2018\/01\/background-lines.png?id=104) !important;}\u00a0\u00bb][vc_column][vc_row_inner row_type=\u00a0\u00bbrow\u00a0\u00bb type=\u00a0\u00bbfull_width\u00a0\u00bb text_align=\u00a0\u00bbleft\u00a0\u00bb css_animation=\u00a0\u00bb\u00a0\u00bb][vc_column_inner][vc_column_text css=\u00a0\u00bb.vc_custom_1607490236889{padding-top: 30px !important;padding-bottom: 30px !important;}\u00a0\u00bb]<\/p>\n<h2 style=\"text-align: center;\">SUITE JUNIOR SEWELL<\/h2>\n<p>[\/vc_column_text][\/vc_column_inner][\/vc_row_inner][vc_column_text css=\u00a0\u00bb.vc_custom_1607490357104{padding-bottom: 30px !important;}\u00a0\u00bb]La suite Sewell est nomm\u00e9e en l\u2019honneur de la famille qui a construit la maison en 1835. Elle offre un escalier en fer forg\u00e9 art d\u00e9co qui m\u00e8ne \u00e0 une salle de bain-mezzanine en marbre beige. Cette chambre est \u00e9poustouflante avec son tr\u00e8s haut plafond qui lui conf\u00e8re un air dramatique et a\u00e9r\u00e9, ses quatre fen\u00eatres dont deux lucarnes qui surplombent l\u2019\u00e9difice du Parlement et son plafond inclin\u00e9 qui suit la ligne du toit.<\/p>\n<p>&nbsp;<\/p>\n<p>Les passionn\u00e9s d\u2019histoire et les amateurs d\u2019art d\u00e9co seront particuli\u00e8rement charm\u00e9s par la suite Sewell apr\u00e8s une journ\u00e9e pass\u00e9e au Ch\u00e2teau Frontenac, au Th\u00e9\u00e2tre Capitole, dans les mus\u00e9es et les autres sites touristiques du Vieux-Qu\u00e9bec historique.<\/p>\n<p>&nbsp;<\/p>\n<ul>\n<li>Occupation maximale de 2 personnes<\/li>\n<li>Toutes nos chambres sont non-fumeurs<\/li>\n<\/ul>\n<p>[\/vc_column_text][\/vc_column][\/vc_row][vc_row css_animation=\u00a0\u00bb\u00a0\u00bb row_type=\u00a0\u00bbrow\u00a0\u00bb use_row_as_full_screen_section=\u00a0\u00bbno\u00a0\u00bb type=\u00a0\u00bbfull_width\u00a0\u00bb angled_section=\u00a0\u00bbno\u00a0\u00bb text_align=\u00a0\u00bbleft\u00a0\u00bb background_image_as_pattern=\u00a0\u00bbwithout_pattern\u00a0\u00bb z_index=\u00a0\u00bb\u00a0\u00bb][vc_column]<div class='qode_image_gallery_no_space light highlight_active'><div class='qode_image_gallery_holder' style='height: 697px;'><ul  ><li style = \"opacity: 0.6\" ><div style=\"height: 697px; width:930px;\"><a itemprop=\"image\" class=\"prettyphoto\" data-rel=\"prettyPhoto[rel-879368308]\" href=\"https:\/\/www.manoirdauteuil.com\/wp-content\/uploads\/sewell-junior-suite-slider.jpg\"><img decoding=\"async\" itemprop=\"image\" src=\"https:\/\/www.manoirdauteuil.com\/wp-content\/uploads\/sewell-junior-suite-slider.jpg\" alt=\"\" \/><\/a><\/div><\/li><li style = \"opacity: 0.6\" ><div style=\"height: 697px; width:598px;\"><a itemprop=\"image\" class=\"prettyphoto\" data-rel=\"prettyPhoto[rel-879368308]\" href=\"https:\/\/www.manoirdauteuil.com\/wp-content\/uploads\/2020\/06\/sewell-junior-suite-2.jpg\"><img decoding=\"async\" itemprop=\"image\" src=\"https:\/\/www.manoirdauteuil.com\/wp-content\/uploads\/2020\/06\/sewell-junior-suite-2.jpg\" alt=\"\" \/><\/a><\/div><\/li><li style = \"opacity: 0.6\" ><div style=\"height: 697px; width:831px;\"><a itemprop=\"image\" class=\"prettyphoto\" data-rel=\"prettyPhoto[rel-879368308]\" href=\"https:\/\/www.manoirdauteuil.com\/wp-content\/uploads\/2020\/06\/sewell-junior-suite-3.jpg\"><img decoding=\"async\" itemprop=\"image\" src=\"https:\/\/www.manoirdauteuil.com\/wp-content\/uploads\/2020\/06\/sewell-junior-suite-3.jpg\" alt=\"\" \/><\/a><\/div><\/li><\/ul><\/div><div class=\"controls\"><a class=\"prev-slide\" href=\"#\"><span><i class=\"fa fa-angle-left\"><\/i><\/span><\/a><a class=\"next-slide\" href=\"#\"><span><i class=\"fa fa-angle-right\"><\/i><\/span><\/a><\/div><\/div>[vc_row_inner row_type=\u00a0\u00bbrow\u00a0\u00bb type=\u00a0\u00bbgrid\u00a0\u00bb text_align=\u00a0\u00bbleft\u00a0\u00bb css_animation=\u00a0\u00bb\u00a0\u00bb css=\u00a0\u00bb.vc_custom_1591425505639{padding-top: 30px !important;padding-bottom: 30px !important;background-image: url(https:\/\/manoirdauteuil.com\/wp-content\/uploads\/2018\/01\/background-lines.png?id=104) !important;}\u00a0\u00bb][vc_column_inner width=\u00a0\u00bb1\/4&Prime;]\n\n\t<a href=\"https:\/\/hotels.cloudbeds.com\/reservation\/zFkhyn\" target=\"_blank\" style=\"color: #ffffff;background-color: #e2c13d;font-size: 16px;font-weight: 400\" class=\"qode-btn qode-btn-medium qode-btn-solid qode-btn-custom-hover-bg qode-btn-custom-hover-color qode-btn-default-hover\" data-hover-bg-color=\"#e2b500\" data-hover-color=\"#ffffff\" >\n\t    <span class=\"qode-btn-text\">R\u00c9SERVEZ MAINTENANT<\/span>\t<\/a>\n\n[\/vc_column_inner][vc_column_inner width=\u00a0\u00bb3\/4&Prime;][vc_column_text el_class=\u00a0\u00bbhotel-icon\u00a0\u00bb]<img loading=\"lazy\" decoding=\"async\" class=\"alignnone size-full wp-image-2055\" src=\"http:\/\/manoirdauteuil.com\/wp-content\/uploads\/2020\/03\/icon-persona.png\" alt=\"\" width=\"20\" height=\"20\" \/> <b>2 <img loading=\"lazy\" decoding=\"async\" class=\"alignnone size-full wp-image-2057\" src=\"http:\/\/manoirdauteuil.com\/wp-content\/uploads\/2020\/03\/icon-square.png\" alt=\"\" width=\"20\" height=\"20\" \/> 39 m\u00e8tres\u00a0carr\u00e9s <img loading=\"lazy\" decoding=\"async\" class=\"alignnone size-full wp-image-2058\" src=\"http:\/\/manoirdauteuil.com\/wp-content\/uploads\/2020\/03\/icon-bed.png\" alt=\"\" width=\"20\" height=\"20\" \/> 1 lit King<\/b>[\/vc_column_text][\/vc_column_inner][\/vc_row_inner][vc_row_inner row_type=\u00a0\u00bbrow\u00a0\u00bb type=\u00a0\u00bbgrid\u00a0\u00bb text_align=\u00a0\u00bbleft\u00a0\u00bb css_animation=\u00a0\u00bb\u00a0\u00bb css=\u00a0\u00bb.vc_custom_1591425527665{background-image: url(https:\/\/manoirdauteuil.com\/wp-content\/uploads\/2018\/01\/background-lines.png?id=104) !important;}\u00a0\u00bb][vc_column_inner][vc_separator type=\u00a0\u00bbnormal\u00a0\u00bb color=\u00a0\u00bb#dbb932&Prime; thickness=\u00a0\u00bb2&Prime;][vc_column_text css=\u00a0\u00bb.vc_custom_1682017719564{padding-top: 20px !important;}\u00a0\u00bb]<strong>Caract\u00e9ristiques et commodit\u00e9s de la suite junior Sewell<\/strong><\/p>\n<p>&nbsp;<\/p>\n<ul>\n<li>Lit King avec matelas \u00e0 coussinet sur\u00e9lev\u00e9<\/li>\n<li>Chauffage et air climatis\u00e9 \u00e0 contr\u00f4le individuel dans la chambre<\/li>\n<li>Des fen\u00eatres qui s\u2019ouvrent<\/li>\n<li>Couettes en duvet et oreillers hypoallerg\u00e9niques<\/li>\n<li>T\u00e9l\u00e9vision avec c\u00e2ble<\/li>\n<li>T\u00e9l\u00e9phone<\/li>\n<li>Wi-Fi haute-vitesse<\/li>\n<li>Coffre-fort<\/li>\n<li>S\u00e8che-cheveux<\/li>\n<li>Fer et planche \u00e0 repasser<\/li>\n<li>Bureau \/ coin bureau<\/li>\n<li>R\u00e9frig\u00e9rateur<\/li>\n<li>Machine \u00e0 caf\u00e9 Nespresso<\/li>\n<li>Peignoirs et pantoufles<\/li>\n<\/ul>\n<p>&nbsp;<\/p>\n<p>La taille de la chambre incluant la salle de bain mezzanine est approximativement de 39 m\u00e8tres carr\u00e9s.[\/vc_column_text][\/vc_column_inner][\/vc_row_inner][\/vc_column][\/vc_row][vc_row css_animation=\u00a0\u00bb\u00a0\u00bb row_type=\u00a0\u00bbrow\u00a0\u00bb use_row_as_full_screen_section=\u00a0\u00bbno\u00a0\u00bb type=\u00a0\u00bbfull_width\u00a0\u00bb angled_section=\u00a0\u00bbno\u00a0\u00bb text_align=\u00a0\u00bbleft\u00a0\u00bb background_image_as_pattern=\u00a0\u00bbwithout_pattern\u00a0\u00bb css=\u00a0\u00bb.vc_custom_1591425554663{background-image: url(https:\/\/manoirdauteuil.com\/wp-content\/uploads\/2018\/01\/background-lines.png?id=104) !important;}\u00a0\u00bb z_index=\u00a0\u00bb\u00a0\u00bb][vc_column][vc_empty_space height=\u00a0\u00bb62px\u00a0\u00bb][\/vc_column][\/vc_row]<\/p><\/div>","protected":false},"excerpt":{"rendered":"<p>[vc_row css_animation=\u00a0\u00bb\u00a0\u00bb row_type=\u00a0\u00bbrow\u00a0\u00bb use_row_as_full_screen_section=\u00a0\u00bbno\u00a0\u00bb type=\u00a0\u00bbgrid\u00a0\u00bb angled_section=\u00a0\u00bbno\u00a0\u00bb text_align=\u00a0\u00bbleft\u00a0\u00bb background_image_as_pattern=\u00a0\u00bbwithout_pattern\u00a0\u00bb z_index=\u00a0\u00bb\u00a0\u00bb css=\u00a0\u00bb.vc_custom_1591425456700{background-image: url(https:\/\/manoirdauteuil.com\/wp-content\/uploads\/2018\/01\/background-lines.png?id=104) !important;}\u00a0\u00bb][vc_column][vc_row_inner row_type=\u00a0\u00bbrow\u00a0\u00bb type=\u00a0\u00bbfull_width\u00a0\u00bb text_align=\u00a0\u00bbleft\u00a0\u00bb css_animation=\u00a0\u00bb\u00a0\u00bb][vc_column_inner][vc_column_text css=\u00a0\u00bb.vc_custom_1607490236889{padding-top: 30px !important;padding-bottom: 30px !important;}\u00a0\u00bb] SUITE JUNIOR SEWELL [\/vc_column_text][\/vc_column_inner][\/vc_row_inner][vc_column_text css=\u00a0\u00bb.vc_custom_1607490357104{padding-bottom: 30px !important;}\u00a0\u00bb]La suite Sewell est nomm\u00e9e en l\u2019honneur de la famille qui a construit la maison en 1835. Elle&#8230;<\/p>\n","protected":false},"author":1,"featured_media":0,"parent":2045,"menu_order":2,"comment_status":"closed","ping_status":"closed","template":"full_width.php","meta":{"footnotes":""},"class_list":["post-2065","page","type-page","status-publish","hentry"],"_links":{"self":[{"href":"https:\/\/www.manoirdauteuil.com\/fr\/wp-json\/wp\/v2\/pages\/2065","targetHints":{"allow":["GET"]}}],"collection":[{"href":"https:\/\/www.manoirdauteuil.com\/fr\/wp-json\/wp\/v2\/pages"}],"about":[{"href":"https:\/\/www.manoirdauteuil.com\/fr\/wp-json\/wp\/v2\/types\/page"}],"author":[{"embeddable":true,"href":"https:\/\/www.manoirdauteuil.com\/fr\/wp-json\/wp\/v2\/users\/1"}],"replies":[{"embeddable":true,"href":"https:\/\/www.manoirdauteuil.com\/fr\/wp-json\/wp\/v2\/comments?post=2065"}],"version-history":[{"count":11,"href":"https:\/\/www.manoirdauteuil.com\/fr\/wp-json\/wp\/v2\/pages\/2065\/revisions"}],"predecessor-version":[{"id":9183,"href":"https:\/\/www.manoirdauteuil.com\/fr\/wp-json\/wp\/v2\/pages\/2065\/revisions\/9183"}],"up":[{"embeddable":true,"href":"https:\/\/www.manoirdauteuil.com\/fr\/wp-json\/wp\/v2\/pages\/2045"}],"wp:attachment":[{"href":"https:\/\/www.manoirdauteuil.com\/fr\/wp-json\/wp\/v2\/media?parent=2065"}],"curies":[{"name":"wp","href":"https:\/\/api.w.org\/{rel}","templated":true}]}}