{"id":2187,"date":"2020-02-27T16:41:45","date_gmt":"2020-02-27T21:41:45","guid":{"rendered":"http:\/\/manoirdauteuil.com\/services\/hotel-amenities\/"},"modified":"2026-02-26T11:31:25","modified_gmt":"2026-02-26T16:31:25","slug":"commodites-hotel","status":"publish","type":"page","link":"https:\/\/www.manoirdauteuil.com\/fr\/services\/commodites-hotel\/","title":{"rendered":"Commodit\u00e9s H\u00f4tel"},"content":{"rendered":"<div class=\"wpb-content-wrapper\"><p>[vc_row css_animation=\u00a0\u00bb\u00a0\u00bb row_type=\u00a0\u00bbrow\u00a0\u00bb use_row_as_full_screen_section=\u00a0\u00bbno\u00a0\u00bb type=\u00a0\u00bbgrid\u00a0\u00bb angled_section=\u00a0\u00bbno\u00a0\u00bb text_align=\u00a0\u00bbleft\u00a0\u00bb background_image_as_pattern=\u00a0\u00bbwithout_pattern\u00a0\u00bb css=\u00a0\u00bb.vc_custom_1598154335029{margin-top: -30px !important;background-image: url(https:\/\/manoirdauteuil.com\/wp-content\/uploads\/2018\/01\/background-lines.png?id=104) !important;}\u00a0\u00bb z_index=\u00a0\u00bb\u00a0\u00bb][vc_column][vc_row_inner row_type=\u00a0\u00bbrow\u00a0\u00bb type=\u00a0\u00bbfull_width\u00a0\u00bb text_align=\u00a0\u00bbleft\u00a0\u00bb css_animation=\u00a0\u00bb\u00a0\u00bb][vc_column_inner][vc_column_text css=\u00a0\u00bb.vc_custom_1607567776706{padding-top: 30px !important;padding-bottom: 30px !important;}\u00a0\u00bb]<\/p>\n<h2 style=\"text-align: center;\">COMMODIT\u00c9S DE L&rsquo;H\u00d4TEL<\/h2>\n<p>[\/vc_column_text][\/vc_column_inner][\/vc_row_inner][vc_row_inner row_type=\u00a0\u00bbrow\u00a0\u00bb type=\u00a0\u00bbgrid\u00a0\u00bb text_align=\u00a0\u00bbleft\u00a0\u00bb css_animation=\u00a0\u00bb\u00a0\u00bb][vc_column_inner][vc_column_text]<img loading=\"lazy\" decoding=\"async\" class=\"alignleft size-full wp-image-2190\" src=\"http:\/\/manoirdauteuil.com\/wp-content\/uploads\/2020\/07\/terrasse-manoir-dauteuil-old-quebec-2.jpg\" alt=\"\" width=\"600\" height=\"400\" srcset=\"https:\/\/www.manoirdauteuil.com\/wp-content\/uploads\/2020\/07\/terrasse-manoir-dauteuil-old-quebec-2.jpg 600w, https:\/\/www.manoirdauteuil.com\/wp-content\/uploads\/2020\/07\/terrasse-manoir-dauteuil-old-quebec-2-275x183.jpg 275w\" sizes=\"auto, (max-width: 600px) 100vw, 600px\" \/><\/p>\n<p>Le Manoir d&rsquo;Auteuil int\u00e8gre parfaitement la beaut\u00e9 du d\u00e9cor art d\u00e9co avec les attentes contemporaines des voyageurs chevronn\u00e9s d&rsquo;aujourd&rsquo;hui. Dans une ambiance invitante et relaxante, le Manoir offre de nombreux espaces publics pour prendre une petite collation ou une boisson tout en lisant le journal, en v\u00e9rifiant ses courriels ou en se r\u00e9unissant avec ses amis et sa famille.<\/p>\n<p>&nbsp;<\/p>\n<p>Nos h\u00f4tes peuvent s&rsquo;\u00e9vader dans le calme de la petite cour, sur une table priv\u00e9e dans le salon ou encore prendre du soleil sur notre terrasse sur le toit avec le parfum des fleurs en pleine floraison. Pourquoi ne pas profiter d&rsquo;un peu de romantisme en prenant un verre de vin ou de mousseux avec une personne sp\u00e9ciale?[\/vc_column_text][\/vc_column_inner][\/vc_row_inner][vc_column_text css=\u00a0\u00bb.vc_custom_1607567940189{padding-top: 30px !important;}\u00a0\u00bb]<img loading=\"lazy\" decoding=\"async\" class=\"alignright size-full wp-image-2188\" src=\"http:\/\/manoirdauteuil.com\/wp-content\/uploads\/2020\/07\/picnic-in-esplanade-park.jpg\" alt=\"\" width=\"500\" height=\"750\" srcset=\"https:\/\/www.manoirdauteuil.com\/wp-content\/uploads\/2020\/07\/picnic-in-esplanade-park.jpg 500w, https:\/\/www.manoirdauteuil.com\/wp-content\/uploads\/2020\/07\/picnic-in-esplanade-park-200x300.jpg 200w\" sizes=\"auto, (max-width: 500px) 100vw, 500px\" \/><\/p>\n<p>En \u00e9t\u00e9, ces espaces sont parfaits pour se rafra\u00eechir \u00e0 l&rsquo;ombre ou dans le confort climatis\u00e9 du salon avec une bi\u00e8re bien fra\u00eeche servie \u00e0 notre bar, apr\u00e8s un apr\u00e8s-midi \u00e0 explorer tous les attraits de la ville de Qu\u00e9bec. Nous avons m\u00eame une collection de jeux de soci\u00e9t\u00e9 et de cartes pour agr\u00e9menter vos fins de journ\u00e9e!<\/p>\n<p>&nbsp;<\/p>\n<p>Le caf\u00e9 et le th\u00e9 sont offerts gratuitement \u00e0 tous nos clients et sont disponibles de 7 h \u00e0 23 h dans le salon. Nous pr\u00e9parons notre d\u00e9licieux caf\u00e9 torr\u00e9fi\u00e9 cors\u00e9 tout au long de la journ\u00e9e. Si vous d\u00e9sirez un cocktail, un verre de vin ou un bi\u00e8re locale, demander \u00e0 un de nos employ\u00e9s qui se fera un plaisir de vous servir.<\/p>\n<p>&nbsp;<\/p>\n<p>Le Manoir d&rsquo;Auteuil offre \u00e0 ses clients les services et les commodit\u00e9s que vous attendez des h\u00f4tels de luxe, mais avec la chaleur et l&rsquo;\u00e9l\u00e9gance d&rsquo;un h\u00f4tel-boutique art d\u00e9co.<\/p>\n<p>&nbsp;<\/p>\n<ul>\n<li>Petit-d\u00e9jeuner disponible<\/li>\n<li>Concierge<\/li>\n<li>Internet \u00e0 haut d\u00e9bit sans fil<\/li>\n<li>Stationnement $$<\/li>\n<li>Service de blanchisserie<\/li>\n<li>Nettoyage \u00e0 sec $$<\/li>\n<li>Chauffage et air climatis\u00e9 \u00e0 contr\u00f4le individuel dans la chambre<\/li>\n<li>T\u00e9l\u00e9vision par c\u00e2ble<\/li>\n<li>T\u00e9l\u00e9phone dans la chambre<\/li>\n<li>Lits King, Queen et simples (en fonction de la taille de la chambre)<\/li>\n<li>Matelas Simmons Beauty Rest ou Matelas Confort<\/li>\n<li>Couettes et oreillers en duvet hypoallerg\u00e9niques<\/li>\n<li>Salles de bains compl\u00e8tes avec douches, baignoires et articles de toilette<\/li>\n<li>Fer et planche \u00e0 repasser<\/li>\n<li>Papeterie<\/li>\n<li>S\u00e8che-cheveux<\/li>\n<li>R\u00e9frig\u00e9rateurs<\/li>\n<li>Coffre-fort<\/li>\n<li>Peignoirs et pantoufles (uniquement dans les chambres Signature et suites)<\/li>\n<li>Bureau\/espace de travail<\/li>\n<\/ul>\n<p>[\/vc_column_text][vc_empty_space height=\u00a0\u00bb62px\u00a0\u00bb][\/vc_column][\/vc_row]<\/p><\/div>","protected":false},"excerpt":{"rendered":"<p>[vc_row css_animation=\u00a0\u00bb\u00a0\u00bb row_type=\u00a0\u00bbrow\u00a0\u00bb use_row_as_full_screen_section=\u00a0\u00bbno\u00a0\u00bb type=\u00a0\u00bbgrid\u00a0\u00bb angled_section=\u00a0\u00bbno\u00a0\u00bb text_align=\u00a0\u00bbleft\u00a0\u00bb background_image_as_pattern=\u00a0\u00bbwithout_pattern\u00a0\u00bb css=\u00a0\u00bb.vc_custom_1598154335029{margin-top: -30px !important;background-image: url(https:\/\/manoirdauteuil.com\/wp-content\/uploads\/2018\/01\/background-lines.png?id=104) !important;}\u00a0\u00bb z_index=\u00a0\u00bb\u00a0\u00bb][vc_column][vc_row_inner row_type=\u00a0\u00bbrow\u00a0\u00bb type=\u00a0\u00bbfull_width\u00a0\u00bb text_align=\u00a0\u00bbleft\u00a0\u00bb css_animation=\u00a0\u00bb\u00a0\u00bb][vc_column_inner][vc_column_text css=\u00a0\u00bb.vc_custom_1607567776706{padding-top: 30px !important;padding-bottom: 30px !important;}\u00a0\u00bb] COMMODIT\u00c9S DE L&rsquo;H\u00d4TEL [\/vc_column_text][\/vc_column_inner][\/vc_row_inner][vc_row_inner row_type=\u00a0\u00bbrow\u00a0\u00bb type=\u00a0\u00bbgrid\u00a0\u00bb text_align=\u00a0\u00bbleft\u00a0\u00bb css_animation=\u00a0\u00bb\u00a0\u00bb][vc_column_inner][vc_column_text] Le Manoir d&rsquo;Auteuil int\u00e8gre parfaitement la beaut\u00e9 du d\u00e9cor art d\u00e9co avec les attentes&#8230;<\/p>\n","protected":false},"author":1,"featured_media":0,"parent":2182,"menu_order":2,"comment_status":"closed","ping_status":"closed","template":"","meta":{"footnotes":""},"class_list":["post-2187","page","type-page","status-publish","hentry"],"_links":{"self":[{"href":"https:\/\/www.manoirdauteuil.com\/fr\/wp-json\/wp\/v2\/pages\/2187","targetHints":{"allow":["GET"]}}],"collection":[{"href":"https:\/\/www.manoirdauteuil.com\/fr\/wp-json\/wp\/v2\/pages"}],"about":[{"href":"https:\/\/www.manoirdauteuil.com\/fr\/wp-json\/wp\/v2\/types\/page"}],"author":[{"embeddable":true,"href":"https:\/\/www.manoirdauteuil.com\/fr\/wp-json\/wp\/v2\/users\/1"}],"replies":[{"embeddable":true,"href":"https:\/\/www.manoirdauteuil.com\/fr\/wp-json\/wp\/v2\/comments?post=2187"}],"version-history":[{"count":11,"href":"https:\/\/www.manoirdauteuil.com\/fr\/wp-json\/wp\/v2\/pages\/2187\/revisions"}],"predecessor-version":[{"id":9375,"href":"https:\/\/www.manoirdauteuil.com\/fr\/wp-json\/wp\/v2\/pages\/2187\/revisions\/9375"}],"up":[{"embeddable":true,"href":"https:\/\/www.manoirdauteuil.com\/fr\/wp-json\/wp\/v2\/pages\/2182"}],"wp:attachment":[{"href":"https:\/\/www.manoirdauteuil.com\/fr\/wp-json\/wp\/v2\/media?parent=2187"}],"curies":[{"name":"wp","href":"https:\/\/api.w.org\/{rel}","templated":true}]}}