{"id":2198,"date":"2020-02-27T16:44:24","date_gmt":"2020-02-27T21:44:24","guid":{"rendered":"http:\/\/manoirdauteuil.com\/policies\/"},"modified":"2024-04-02T19:54:59","modified_gmt":"2024-04-02T23:54:59","slug":"politiques","status":"publish","type":"page","link":"https:\/\/www.manoirdauteuil.com\/fr\/politiques\/","title":{"rendered":"Politiques"},"content":{"rendered":"<div class=\"wpb-content-wrapper\"><p>[vc_row css_animation=\u00a0\u00bb\u00a0\u00bb row_type=\u00a0\u00bbrow\u00a0\u00bb use_row_as_full_screen_section=\u00a0\u00bbno\u00a0\u00bb type=\u00a0\u00bbfull_width\u00a0\u00bb angled_section=\u00a0\u00bbno\u00a0\u00bb text_align=\u00a0\u00bbleft\u00a0\u00bb background_image_as_pattern=\u00a0\u00bbwithout_pattern\u00a0\u00bb css=\u00a0\u00bb.vc_custom_1600053101761{margin-top: -20px !important;padding-top: 20px !important;background-image: url(https:\/\/manoirdauteuil.com\/wp-content\/uploads\/2018\/01\/background-lines.png?id=104) !important;}\u00a0\u00bb z_index=\u00a0\u00bb\u00a0\u00bb][vc_column][vc_column_text css=\u00a0\u00bb.vc_custom_1607568450512{padding-bottom: 30px !important;}\u00a0\u00bb]<\/p>\n<h2 style=\"text-align: center;\">POLITIQUES ET R\u00c8GLES DE L&rsquo;H\u00d4TEL<\/h2>\n<p>[\/vc_column_text][vc_column_text]<\/p>\n<p>&nbsp;<\/p>\n<p>Notre <strong>politique d\u2019annulation de 48 heures<\/strong> est maintenant en vigueur.\u00a0 R\u00e9servez en toute confiance, sans frais initiaux ni frais d\u2019annulation, et b\u00e9n\u00e9ficiez d\u2019un d\u00e9lai d\u2019annulation plus souple de seulement 2 jours. Les annulations effectu\u00e9es dans les 48 heures, apr\u00e8s midi, pr\u00e9c\u00e9dant l\u2019arriv\u00e9e seront soumises \u00e0 une p\u00e9nalit\u00e9 d\u2019une nuit ou de 50 % du s\u00e9jour, selon le montant le plus \u00e9lev\u00e9. Les personnes qui ne se pr\u00e9sentent pas seront responsables de la totalit\u00e9 du montant du s\u00e9jour r\u00e9serv\u00e9. Dans le cas o\u00f9 vous choisissez de r\u00e9server un forfait non remboursable, vous serez responsable du montant total de la r\u00e9servation : l\u2019annulation ou la modification ne seront pas possibles.<\/p>\n<p>&nbsp;<\/p>\n<p>Je comprends que le Manoir d&rsquo;Auteuil est un<strong> h\u00f4tel enti\u00e8rement non-fumeur<\/strong> et qu\u2019un montant de 250$ sera ajout\u00e9 \u00e0 ma facture si moi ou un de mes invit\u00e9s fument \u00e0 l&rsquo;int\u00e9rieur de l&rsquo;h\u00f4tel. Nous n&rsquo;acceptons ni tabac, ni marijuana, ni vapotage<\/p>\n<p>&nbsp;<\/p>\n<p>En s\u00e9journant \u00e0 l&rsquo;h\u00f4tel Manoir d&rsquo;Auteuil, je reconnais que les tarifs affich\u00e9s et factur\u00e9s pour les services sont exacts et j\u2019accepte la responsabilit\u00e9 de les r\u00e9gler conform\u00e9ment aux conditions de r\u00e9servation.<\/p>\n<p>&nbsp;<\/p>\n<p>Je reconnais qu&rsquo;il ne m&rsquo;est pas possible de contester les obligations de paiement et j&rsquo;accepte d&rsquo;\u00eatre tenu personnellement responsable dans le cas o\u00f9 la personne, l&rsquo;entreprise ou l&rsquo;association indiqu\u00e9es ne paie pas une partie ou le montant total de ces frais. Si je ne me pr\u00e9sente pas \u00e0 la r\u00e9ception lors de mon d\u00e9part, j&rsquo;autorise l&rsquo;h\u00f4tel \u00e0 pr\u00e9lever tous les frais encourus pendant mon s\u00e9jour sur la carte de cr\u00e9dit pr\u00e9sent\u00e9e au moment de l&rsquo;enregistrement.<\/p>\n<p>&nbsp;<\/p>\n<p>J\u2019accepte qu\u2019\u00e0 mon arriv\u00e9e, l\u2019h\u00f4tel Manoir d\u2019Auteuil pr\u00e9l\u00e8ve un montant de garantie, sous forme de pr\u00e9autorisation, sur ma <strong>carte de cr\u00e9dit<\/strong>. Ce montant sera retourn\u00e9 sur la carte de cr\u00e9dit quelques jours apr\u00e8s le d\u00e9part. Les <strong>cartes de d\u00e9bit<\/strong> ne seront accept\u00e9es que pour le paiement final. De ce fait, aucun remboursement ne sera autoris\u00e9 pour un montant de garantie pr\u00e9lev\u00e9 sur une carte de d\u00e9bit.<\/p>\n<p>&nbsp;<\/p>\n<p>Le <strong>stationnement de l&rsquo;h\u00f4tel co\u00fbte 22$ par nuit<\/strong>. Nous ne sommes pas responsables des vols, incendies, pertes d&rsquo;utilisation ou dommages faits \u00e0 votre v\u00e9hicule, ainsi qu\u2019\u00e0 tout \u00e9quipement ou article laiss\u00e9s dans le v\u00e9hicule.<\/p>\n<p>&nbsp;<\/p>\n<p>Nous proposons deux chambres adapt\u00e9es aux <strong>animaux de compagnie.<\/strong> Un suppl\u00e9ment de 50 $ par jour s\u2019applique et l&rsquo;offre est bas\u00e9 sur la disponibilit\u00e9. Vous devez contacter directement l&rsquo;h\u00f4tel pour savoir si votre petit chien (maximum 15 Kg) est autoris\u00e9 et si l&rsquo;une des deux chambres est disponible. Si vous arrivez avec un animal de compagnie qui n&rsquo;a pas \u00e9t\u00e9 pr\u00e9-approuv\u00e9, vous devrez payer la totalit\u00e9 de votre chambre, mais vous ne pourrez pas s\u00e9journer chez nous.<\/p>\n<p>&nbsp;<\/p>\n<p>Votre courriel sera utilis\u00e9 dans l&rsquo;unique but de vous informer de nos promotions \u00e0 venir.<\/p>\n<p><em>L&rsquo;application de l&rsquo;H\u00f4tel Manoir d&rsquo;Auteuil peut collecter des images t\u00e9l\u00e9charg\u00e9es par l&rsquo;utilisateur telles que la carte d&rsquo;identit\u00e9 lors de l&rsquo;utilisation de la fonction d\u2019 enregistrement mobile de l&rsquo;application pour s&rsquo;enregistrer \u00e0 l&rsquo;h\u00f4tel.<\/em><\/p>\n<p>&nbsp;<\/p>\n<p>&nbsp;<\/p>\n<p style=\"text-align: center;\"><em>L&rsquo;heure d&rsquo;arriv\u00e9e est 16 h 00 &#8211; L&rsquo;heure de d\u00e9part est 11 h 00<\/em><\/p>\n<p>&nbsp;<\/p>\n<p>[\/vc_column_text][vc_empty_space height=\u00a0\u00bb62px\u00a0\u00bb][\/vc_column][\/vc_row]<\/p><\/div>","protected":false},"excerpt":{"rendered":"<p>[vc_row css_animation=\u00a0\u00bb\u00a0\u00bb row_type=\u00a0\u00bbrow\u00a0\u00bb use_row_as_full_screen_section=\u00a0\u00bbno\u00a0\u00bb type=\u00a0\u00bbfull_width\u00a0\u00bb angled_section=\u00a0\u00bbno\u00a0\u00bb text_align=\u00a0\u00bbleft\u00a0\u00bb background_image_as_pattern=\u00a0\u00bbwithout_pattern\u00a0\u00bb css=\u00a0\u00bb.vc_custom_1600053101761{margin-top: -20px !important;padding-top: 20px !important;background-image: url(https:\/\/manoirdauteuil.com\/wp-content\/uploads\/2018\/01\/background-lines.png?id=104) !important;}\u00a0\u00bb z_index=\u00a0\u00bb\u00a0\u00bb][vc_column][vc_column_text css=\u00a0\u00bb.vc_custom_1607568450512{padding-bottom: 30px !important;}\u00a0\u00bb] POLITIQUES ET R\u00c8GLES DE L&rsquo;H\u00d4TEL [\/vc_column_text][vc_column_text] &nbsp; Notre politique d\u2019annulation de 48 heures est maintenant en vigueur.\u00a0 R\u00e9servez en toute confiance, sans frais initiaux ni frais&#8230;<\/p>\n","protected":false},"author":1,"featured_media":0,"parent":0,"menu_order":2,"comment_status":"closed","ping_status":"closed","template":"","meta":{"footnotes":""},"class_list":["post-2198","page","type-page","status-publish","hentry"],"_links":{"self":[{"href":"https:\/\/www.manoirdauteuil.com\/fr\/wp-json\/wp\/v2\/pages\/2198","targetHints":{"allow":["GET"]}}],"collection":[{"href":"https:\/\/www.manoirdauteuil.com\/fr\/wp-json\/wp\/v2\/pages"}],"about":[{"href":"https:\/\/www.manoirdauteuil.com\/fr\/wp-json\/wp\/v2\/types\/page"}],"author":[{"embeddable":true,"href":"https:\/\/www.manoirdauteuil.com\/fr\/wp-json\/wp\/v2\/users\/1"}],"replies":[{"embeddable":true,"href":"https:\/\/www.manoirdauteuil.com\/fr\/wp-json\/wp\/v2\/comments?post=2198"}],"version-history":[{"count":14,"href":"https:\/\/www.manoirdauteuil.com\/fr\/wp-json\/wp\/v2\/pages\/2198\/revisions"}],"predecessor-version":[{"id":8563,"href":"https:\/\/www.manoirdauteuil.com\/fr\/wp-json\/wp\/v2\/pages\/2198\/revisions\/8563"}],"wp:attachment":[{"href":"https:\/\/www.manoirdauteuil.com\/fr\/wp-json\/wp\/v2\/media?parent=2198"}],"curies":[{"name":"wp","href":"https:\/\/api.w.org\/{rel}","templated":true}]}}