{"id":2202,"date":"2020-02-27T16:34:03","date_gmt":"2020-02-27T21:34:03","guid":{"rendered":"http:\/\/manoirdauteuil.com\/services\/the-lounge\/"},"modified":"2023-04-20T15:17:56","modified_gmt":"2023-04-20T19:17:56","slug":"le-lounge","status":"publish","type":"page","link":"https:\/\/www.manoirdauteuil.com\/fr\/services\/le-lounge\/","title":{"rendered":"Le Lounge"},"content":{"rendered":"<div class=\"wpb-content-wrapper\"><p>[vc_row css_animation=\u00a0\u00bb\u00a0\u00bb row_type=\u00a0\u00bbrow\u00a0\u00bb use_row_as_full_screen_section=\u00a0\u00bbno\u00a0\u00bb type=\u00a0\u00bbfull_width\u00a0\u00bb angled_section=\u00a0\u00bbno\u00a0\u00bb text_align=\u00a0\u00bbleft\u00a0\u00bb background_image_as_pattern=\u00a0\u00bbwithout_pattern\u00a0\u00bb css=\u00a0\u00bb.vc_custom_1598154450383{margin-top: -30px !important;}\u00a0\u00bb z_index=\u00a0\u00bb\u00a0\u00bb background_image=\u00a0\u00bb104&Prime;][vc_column][vc_row_inner row_type=\u00a0\u00bbrow\u00a0\u00bb type=\u00a0\u00bbfull_width\u00a0\u00bb text_align=\u00a0\u00bbleft\u00a0\u00bb css_animation=\u00a0\u00bb\u00a0\u00bb][vc_column_inner][vc_column_text css=\u00a0\u00bb.vc_custom_1607568742769{padding-top: 30px !important;padding-bottom: 30px !important;}\u00a0\u00bb]<\/p>\n<h2 style=\"text-align: center;\">LE LOUNGE DU MANOIR D\u2019AUTEUIL<\/h2>\n<p>[\/vc_column_text][\/vc_column_inner][\/vc_row_inner][vc_row_inner row_type=\u00a0\u00bbrow\u00a0\u00bb type=\u00a0\u00bbfull_width\u00a0\u00bb text_align=\u00a0\u00bbleft\u00a0\u00bb css_animation=\u00a0\u00bb\u00a0\u00bb][vc_column_inner width=\u00a0\u00bb1\/2&Prime; css=\u00a0\u00bb.vc_custom_1598155453592{padding-top: 50px !important;}\u00a0\u00bb][vc_column_text]<\/p>\n<h3>Salon Art Deco<\/h3>\n<p>[\/vc_column_text][vc_column_text]Dans une ambiance intimiste et relaxante, notre salon art d\u00e9co est l&rsquo;endroit tout indiqu\u00e9 pour prendre une collation ou un cocktail tout en lisant le journal, travailler sur votre ordinateur ou tout simplement vous rassembler en famille ou entre amis. Vous pourrez m\u00eame vous offrir le plaisir d\u2019une partie de cartes ou d\u2019un de nos jeux de soci\u00e9t\u00e9 mis \u00e0 votre disposition.\u00a0 Le caf\u00e9 et le th\u00e9 sont gratuits pour tous nos clients et sont disponibles de 7h \u00e0 23h.[\/vc_column_text][\/vc_column_inner][vc_column_inner width=\u00a0\u00bb1\/2&Prime;][vc_single_image image=\u00a0\u00bb2205&Prime; img_size=\u00a0\u00bbfull\u00a0\u00bb qode_css_animation=\u00a0\u00bb\u00a0\u00bb][\/vc_column_inner][\/vc_row_inner][vc_row_inner row_type=\u00a0\u00bbrow\u00a0\u00bb type=\u00a0\u00bbfull_width\u00a0\u00bb text_align=\u00a0\u00bbleft\u00a0\u00bb css_animation=\u00a0\u00bb\u00a0\u00bb css=\u00a0\u00bb.vc_custom_1598155671810{margin-top: 50px !important;}\u00a0\u00bb][vc_column_inner width=\u00a0\u00bb1\/2&Prime;][vc_single_image image=\u00a0\u00bb2206&Prime; img_size=\u00a0\u00bbfull\u00a0\u00bb qode_css_animation=\u00a0\u00bb\u00a0\u00bb][\/vc_column_inner][vc_column_inner width=\u00a0\u00bb1\/2&Prime; css=\u00a0\u00bb.vc_custom_1598155640304{padding-top: 50px !important;}\u00a0\u00bb][vc_column_text]<\/p>\n<h3>Terrasses ext\u00e9rieures<\/h3>\n<p>[\/vc_column_text][vc_column_text]Pendant la saison estivale, le salon s&rsquo;\u00e9largit gr\u00e2ce \u00e0 nos terrasses ext\u00e9rieures, id\u00e9ales pour s\u2019y rafra\u00eechir en sirotant une bi\u00e8re apr\u00e8s un apr\u00e8s-midi bien charg\u00e9 \u00e0 explorer les environs.<\/p>\n<p>&nbsp;<\/p>\n<p>Profitez de l&rsquo;ombre et des fleurs sur la terrasse dans la cour int\u00e9rieures ou sur le balcon la surplombant ou prenez un bain de soleil sur celle sur le toit. Toutes nos terrasses sont \u00e9quip\u00e9s de tables et de chaises afin que vous puissiez profiter de votre temps de repos bien m\u00e9rit\u00e9.[\/vc_column_text][\/vc_column_inner][\/vc_row_inner][vc_empty_space height=\u00a0\u00bb62px\u00a0\u00bb][\/vc_column][\/vc_row][vc_row css_animation=\u00a0\u00bb\u00a0\u00bb row_type=\u00a0\u00bbrow\u00a0\u00bb use_row_as_full_screen_section=\u00a0\u00bbno\u00a0\u00bb type=\u00a0\u00bbfull_width\u00a0\u00bb angled_section=\u00a0\u00bbno\u00a0\u00bb text_align=\u00a0\u00bbleft\u00a0\u00bb background_image_as_pattern=\u00a0\u00bbwithout_pattern\u00a0\u00bb][vc_column][\/vc_column][\/vc_row]<\/p><\/div>","protected":false},"excerpt":{"rendered":"<p>[vc_row css_animation=\u00a0\u00bb\u00a0\u00bb row_type=\u00a0\u00bbrow\u00a0\u00bb use_row_as_full_screen_section=\u00a0\u00bbno\u00a0\u00bb type=\u00a0\u00bbfull_width\u00a0\u00bb angled_section=\u00a0\u00bbno\u00a0\u00bb text_align=\u00a0\u00bbleft\u00a0\u00bb background_image_as_pattern=\u00a0\u00bbwithout_pattern\u00a0\u00bb css=\u00a0\u00bb.vc_custom_1598154450383{margin-top: -30px !important;}\u00a0\u00bb z_index=\u00a0\u00bb\u00a0\u00bb background_image=\u00a0\u00bb104&Prime;][vc_column][vc_row_inner row_type=\u00a0\u00bbrow\u00a0\u00bb type=\u00a0\u00bbfull_width\u00a0\u00bb text_align=\u00a0\u00bbleft\u00a0\u00bb css_animation=\u00a0\u00bb\u00a0\u00bb][vc_column_inner][vc_column_text css=\u00a0\u00bb.vc_custom_1607568742769{padding-top: 30px !important;padding-bottom: 30px !important;}\u00a0\u00bb] LE LOUNGE DU MANOIR D\u2019AUTEUIL [\/vc_column_text][\/vc_column_inner][\/vc_row_inner][vc_row_inner row_type=\u00a0\u00bbrow\u00a0\u00bb type=\u00a0\u00bbfull_width\u00a0\u00bb text_align=\u00a0\u00bbleft\u00a0\u00bb css_animation=\u00a0\u00bb\u00a0\u00bb][vc_column_inner width=\u00a0\u00bb1\/2&Prime; css=\u00a0\u00bb.vc_custom_1598155453592{padding-top: 50px !important;}\u00a0\u00bb][vc_column_text] Salon Art Deco [\/vc_column_text][vc_column_text]Dans une ambiance intimiste et relaxante,&#8230;<\/p>\n","protected":false},"author":1,"featured_media":0,"parent":2182,"menu_order":3,"comment_status":"closed","ping_status":"closed","template":"","meta":{"footnotes":""},"class_list":["post-2202","page","type-page","status-publish","hentry"],"_links":{"self":[{"href":"https:\/\/www.manoirdauteuil.com\/fr\/wp-json\/wp\/v2\/pages\/2202","targetHints":{"allow":["GET"]}}],"collection":[{"href":"https:\/\/www.manoirdauteuil.com\/fr\/wp-json\/wp\/v2\/pages"}],"about":[{"href":"https:\/\/www.manoirdauteuil.com\/fr\/wp-json\/wp\/v2\/types\/page"}],"author":[{"embeddable":true,"href":"https:\/\/www.manoirdauteuil.com\/fr\/wp-json\/wp\/v2\/users\/1"}],"replies":[{"embeddable":true,"href":"https:\/\/www.manoirdauteuil.com\/fr\/wp-json\/wp\/v2\/comments?post=2202"}],"version-history":[{"count":10,"href":"https:\/\/www.manoirdauteuil.com\/fr\/wp-json\/wp\/v2\/pages\/2202\/revisions"}],"predecessor-version":[{"id":6518,"href":"https:\/\/www.manoirdauteuil.com\/fr\/wp-json\/wp\/v2\/pages\/2202\/revisions\/6518"}],"up":[{"embeddable":true,"href":"https:\/\/www.manoirdauteuil.com\/fr\/wp-json\/wp\/v2\/pages\/2182"}],"wp:attachment":[{"href":"https:\/\/www.manoirdauteuil.com\/fr\/wp-json\/wp\/v2\/media?parent=2202"}],"curies":[{"name":"wp","href":"https:\/\/api.w.org\/{rel}","templated":true}]}}