{"id":2269,"date":"2020-02-27T16:01:39","date_gmt":"2020-02-27T21:01:39","guid":{"rendered":"http:\/\/manoirdauteuil.com\/forfaits\/business-travel\/"},"modified":"2023-04-13T11:42:00","modified_gmt":"2023-04-13T15:42:00","slug":"voyages-daffaires","status":"publish","type":"page","link":"https:\/\/www.manoirdauteuil.com\/fr\/forfaits\/voyages-daffaires\/","title":{"rendered":"Voyages d&rsquo;Affaires"},"content":{"rendered":"<div class=\"wpb-content-wrapper\"><p>[vc_row css_animation=\u00a0\u00bb\u00a0\u00bb row_type=\u00a0\u00bbrow\u00a0\u00bb use_row_as_full_screen_section=\u00a0\u00bbno\u00a0\u00bb type=\u00a0\u00bbgrid\u00a0\u00bb angled_section=\u00a0\u00bbno\u00a0\u00bb text_align=\u00a0\u00bbleft\u00a0\u00bb background_image_as_pattern=\u00a0\u00bbwith_pattern\u00a0\u00bb z_index=\u00a0\u00bb\u00a0\u00bb background_image=\u00a0\u00bb104&Prime; css=\u00a0\u00bb.vc_custom_1600312116663{margin-top: -20px !important;background-image: url(https:\/\/manoirdauteuil.com\/wp-content\/uploads\/2018\/01\/background-lines.png?id=104) !important;}\u00a0\u00bb][vc_column][vc_column_text css=\u00a0\u00bb.vc_custom_1611460127523{padding-top: 30px !important;padding-bottom: 30px !important;}\u00a0\u00bb]<\/p>\n<h2 style=\"text-align: center;\">FORFAITS POUR VOYAGES D&rsquo;AFFAIRES<\/h2>\n<p>[\/vc_column_text][vc_column_text]<\/p>\n<p style=\"text-align: center;\"><em>L&#8217;emplacement du Manoir d&rsquo;Auteuil est id\u00e9al &#8211; \u00e0 l&rsquo;int\u00e9rieur des murs de la vieille ville et \u00e0 quelques pas du Centre de conf\u00e9rences de Qu\u00e9bec et du Parlement. <\/em><\/p>\n<p style=\"text-align: center;\"><em>Retraites d&rsquo;entreprises, groupes de discussion, r\u00e9unions de comit\u00e9s et rassemblements en petits groupes.<\/em><\/p>\n<p>&nbsp;<\/p>\n<p>Le Manoir d\u2019Auteuil accueille les voyageurs d\u2019affaires avec service, confort et style. Notre situation g\u00e9ographique est id\u00e9ale : \u00e0 l\u2019int\u00e9rieur des murs de la vieille ville et \u00e0 une courte distance \u00e0 pied du Centre des congr\u00e8s de Qu\u00e9bec et de l\u2019\u00e9difice du Parlement. De nombreux restaurants parfaitement adapt\u00e9s aux r\u00e9ceptions d\u2019affaires et des activit\u00e9s les plus palpitantes apr\u00e8s les heures de travail se trouvent \u00e0 une courte distance \u00e0 pied, dans les alentours imm\u00e9diats du Vieux-Qu\u00e9bec.<\/p>\n<p>&nbsp;<\/p>\n<h3>Personnel attentionn\u00e9 et bien inform\u00e9<\/h3>\n<p>&nbsp;<\/p>\n<p>Le personnel attentionn\u00e9 et bilingue du Manoir d\u2019Auteuil comprend les besoins des voyageurs d\u2019affaires. Nous connaissons bien la ville et nous pouvons vous sugg\u00e9rer des restaurants et vous guider vers les activit\u00e9s les plus passionnantes \u00e0 faire \u00e0 Qu\u00e9bec. Vous pouvez nous faire confiance pour planifier des r\u00e9ceptions d\u2019affaires exceptionnelles, organiser des visites guid\u00e9es et vous guider vers des \u00e9v\u00e9nements culturels, artistiques et sportifs qui vous r\u00e9jouiront pendant vos heures de loisir.<\/p>\n<p>&nbsp;<\/p>\n<h3>Incitatifs pour les entreprises<\/h3>\n<p>&nbsp;<\/p>\n<p>De nombreux restaurants parfaitement adapt\u00e9s aux r\u00e9ceptions d\u2019affaires et des activit\u00e9s palpitantes apr\u00e8s les heures de travail se trouvent \u00e0 une courte distance \u00e0 pied. Le Manoir d\u2019Auteuil offre \u00e9galement un <strong>salon<\/strong> avec boissons alcoolis\u00e9es, collations et une excellente ambiance pour des rassemblements d\u2019affaires informels.[\/vc_column_text][vc_row_inner row_type=\u00a0\u00bbrow\u00a0\u00bb type=\u00a0\u00bbgrid\u00a0\u00bb text_align=\u00a0\u00bbleft\u00a0\u00bb css_animation=\u00a0\u00bb\u00a0\u00bb css=\u00a0\u00bb.vc_custom_1587267274683{padding-top: 70px !important;}\u00a0\u00bb][vc_column_inner width=\u00a0\u00bb1\/3&Prime; css=\u00a0\u00bb.vc_custom_1587346229817{padding-bottom: 30px !important;}\u00a0\u00bb][vc_single_image image=\u00a0\u00bb2272&Prime; img_size=\u00a0\u00bb450&#215;250&Prime; onclick=\u00a0\u00bbcustom_link\u00a0\u00bb qode_css_animation=\u00a0\u00bb\u00a0\u00bb qode_hover_animation=\u00a0\u00bbdarken\u00a0\u00bb el_class=\u00a0\u00bbpop-man-60&Prime; link=\u00a0\u00bbhttp:\/\/#popmake-3424&Prime;][vc_column_text css=\u00a0\u00bb.vc_custom_1611461232733{border-right-width: 1px !important;border-left-width: 1px !important;padding-top: 10px !important;padding-right: 1px !important;padding-bottom: 10px !important;padding-left: 10px !important;border-left-style: solid !important;border-right-style: solid !important;}\u00a0\u00bb]<\/p>\n<h3><a href=\"http:\/\/#popmake-3424\" target=\"_blank\" rel=\"noopener noreferrer\">Business Services<\/a><\/h3>\n<p>[\/vc_column_text][vc_column_text css=\u00a0\u00bb.vc_custom_1600399898898{border-right-width: 1px !important;border-bottom-width: 1px !important;border-left-width: 1px !important;padding-right: 10px !important;padding-bottom: 20px !important;padding-left: 10px !important;border-left-style: solid !important;border-right-style: solid !important;border-bottom-style: solid !important;}\u00a0\u00bb]Le Manoir d\u2019Auteuil meets the needs of business travelers to Quebec City with a full range of services and facilities. Our location is ideal. We\u2019re within&#8230;[\/vc_column_text][qode_elements_holder background_color=\u00a0\u00bb#b69a0a\u00a0\u00bb number_of_columns=\u00a0\u00bbone_column\u00a0\u00bb][qode_elements_holder_item horizontal_alignment=\u00a0\u00bbcenter\u00a0\u00bb advanced_animations=\u00a0\u00bbno\u00a0\u00bb item_padding=\u00a0\u00bb0px 0px 0px 0px\u00a0\u00bb]<a  itemprop=\"url\" href=\"http:\/\/manoirdauteuil.com\/fr\/forfaits\/voyages-daffaires\/services-affaires\/\" target=\"_blank\" data-hover-color='#ffffff' class=\"qbutton  center default\" style=\"color: #efefef; border-radius: 0px;-moz-border-radius: 0px;-webkit-border-radius: 0px; \">DETAILS<\/a>[\/qode_elements_holder_item][\/qode_elements_holder][\/vc_column_inner][vc_column_inner width=\u00a0\u00bb1\/3&Prime;][vc_single_image image=\u00a0\u00bb2237&Prime; img_size=\u00a0\u00bb450&#215;250&Prime; onclick=\u00a0\u00bbcustom_link\u00a0\u00bb qode_css_animation=\u00a0\u00bb\u00a0\u00bb qode_hover_animation=\u00a0\u00bbdarken\u00a0\u00bb link=\u00a0\u00bbhttp:\/\/#popmake-3430&Prime; el_class=\u00a0\u00bbpop-man-61&Prime;][vc_column_text css=\u00a0\u00bb.vc_custom_1611461950376{border-right-width: 1px !important;border-left-width: 1px !important;padding-top: 10px !important;padding-right: 1px !important;padding-bottom: 10px !important;padding-left: 10px !important;border-left-style: solid !important;border-right-style: solid !important;}\u00a0\u00bb]<\/p>\n<h3><a href=\"http:\/\/#popmake-3430\" target=\"_blank\" rel=\"noopener noreferrer\">R\u00e9unions d&rsquo;affaires<\/a><\/h3>\n<p>[\/vc_column_text][vc_column_text css=\u00a0\u00bb.vc_custom_1611461523259{border-right-width: 1px !important;border-bottom-width: 1px !important;border-left-width: 1px !important;padding-right: 10px !important;padding-bottom: 20px !important;padding-left: 10px !important;border-left-style: solid !important;border-right-style: solid !important;border-bottom-style: solid !important;}\u00a0\u00bb]L\u2019\u00e9l\u00e9gante ambiance fran\u00e7aise art d\u00e9co, le personnel attentionn\u00e9, le service de traiteur sur place et la salle de conf\u00e9rence enti\u00e8rement \u00e9quip\u00e9e contribuent \u00e0 &#8230;[\/vc_column_text][qode_elements_holder background_color=\u00a0\u00bb#b69a0a\u00a0\u00bb number_of_columns=\u00a0\u00bbone_column\u00a0\u00bb][qode_elements_holder_item horizontal_alignment=\u00a0\u00bbcenter\u00a0\u00bb advanced_animations=\u00a0\u00bbno\u00a0\u00bb item_padding=\u00a0\u00bb0px 0px 0px 0px\u00a0\u00bb]<a  itemprop=\"url\" href=\"http:\/\/manoirdauteuil.com\/fr\/forfaits\/voyages-daffaires\/reunions-affaires\/\" target=\"_blank\" data-hover-background-color='#b69a0a' data-hover-color='#ffffff' class=\"qbutton  center default\" style=\"color: #efefef; background-color: #b69a0a;\">DETAILS<\/a>[\/qode_elements_holder_item][\/qode_elements_holder][\/vc_column_inner][vc_column_inner width=\u00a0\u00bb1\/3&Prime;][vc_single_image image=\u00a0\u00bb2270&Prime; img_size=\u00a0\u00bb450&#215;250&Prime; onclick=\u00a0\u00bbcustom_link\u00a0\u00bb qode_css_animation=\u00a0\u00bb\u00a0\u00bb qode_hover_animation=\u00a0\u00bbdarken\u00a0\u00bb link=\u00a0\u00bbhttp:\/\/#popmake-3435&Prime; el_class=\u00a0\u00bbpop-man-62&Prime;][vc_column_text css=\u00a0\u00bb.vc_custom_1611462322702{border-right-width: 1px !important;border-left-width: 1px !important;padding-top: 10px !important;padding-right: 1px !important;padding-bottom: 10px !important;padding-left: 10px !important;border-left-style: solid !important;border-right-style: solid !important;}\u00a0\u00bb]<\/p>\n<h3><a href=\"http:\/\/#popmake-3435\" target=\"_blank\" rel=\"noopener noreferrer\">Centre des congr\u00e8s<\/a><\/h3>\n<p>[\/vc_column_text][vc_column_text css=\u00a0\u00bb.vc_custom_1611462475394{border-right-width: 1px !important;border-bottom-width: 1px !important;border-left-width: 1px !important;padding-right: 10px !important;padding-bottom: 20px !important;padding-left: 10px !important;border-left-style: solid !important;border-right-style: solid !important;border-bottom-style: solid !important;}\u00a0\u00bb]Le Manoir d&rsquo;Auteuil est situ\u00e9 \u00e0 seulement trois minutes de marche du Centre des congr\u00e8s de Qu\u00e9bec, ce qui en fait l&rsquo;h\u00f4tel le plus proche \u00e0 l&rsquo;int\u00e9rieur des murs de&#8230;[\/vc_column_text][qode_elements_holder background_color=\u00a0\u00bb#b69a0a\u00a0\u00bb number_of_columns=\u00a0\u00bbone_column\u00a0\u00bb][qode_elements_holder_item horizontal_alignment=\u00a0\u00bbcenter\u00a0\u00bb advanced_animations=\u00a0\u00bbno\u00a0\u00bb item_padding=\u00a0\u00bb0px 0px 0px 0px\u00a0\u00bb]<a  itemprop=\"url\" href=\"http:\/\/manoirdauteuil.com\/fr\/forfaits\/voyages-daffaires\/centre-congres-quebec\/\" target=\"_blank\" data-hover-background-color='#b69a0a' data-hover-color='#ffffff' class=\"qbutton  center default\" style=\"color: #efefef; background-color: #b69a0a;\">DETAILS<\/a>[\/qode_elements_holder_item][\/qode_elements_holder][\/vc_column_inner][\/vc_row_inner][vc_empty_space height=\u00a0\u00bb62px\u00a0\u00bb][\/vc_column][\/vc_row]<\/p><\/div>","protected":false},"excerpt":{"rendered":"<p>[vc_row css_animation=\u00a0\u00bb\u00a0\u00bb row_type=\u00a0\u00bbrow\u00a0\u00bb use_row_as_full_screen_section=\u00a0\u00bbno\u00a0\u00bb type=\u00a0\u00bbgrid\u00a0\u00bb angled_section=\u00a0\u00bbno\u00a0\u00bb text_align=\u00a0\u00bbleft\u00a0\u00bb background_image_as_pattern=\u00a0\u00bbwith_pattern\u00a0\u00bb z_index=\u00a0\u00bb\u00a0\u00bb background_image=\u00a0\u00bb104&Prime; css=\u00a0\u00bb.vc_custom_1600312116663{margin-top: -20px !important;background-image: url(https:\/\/manoirdauteuil.com\/wp-content\/uploads\/2018\/01\/background-lines.png?id=104) !important;}\u00a0\u00bb][vc_column][vc_column_text css=\u00a0\u00bb.vc_custom_1611460127523{padding-top: 30px !important;padding-bottom: 30px !important;}\u00a0\u00bb] FORFAITS POUR VOYAGES D&rsquo;AFFAIRES [\/vc_column_text][vc_column_text] L&#8217;emplacement du Manoir d&rsquo;Auteuil est id\u00e9al &#8211; \u00e0 l&rsquo;int\u00e9rieur des murs de la vieille ville et \u00e0 quelques pas du&#8230;<\/p>\n","protected":false},"author":1,"featured_media":0,"parent":2229,"menu_order":4,"comment_status":"closed","ping_status":"closed","template":"","meta":{"footnotes":""},"class_list":["post-2269","page","type-page","status-publish","hentry"],"_links":{"self":[{"href":"https:\/\/www.manoirdauteuil.com\/fr\/wp-json\/wp\/v2\/pages\/2269","targetHints":{"allow":["GET"]}}],"collection":[{"href":"https:\/\/www.manoirdauteuil.com\/fr\/wp-json\/wp\/v2\/pages"}],"about":[{"href":"https:\/\/www.manoirdauteuil.com\/fr\/wp-json\/wp\/v2\/types\/page"}],"author":[{"embeddable":true,"href":"https:\/\/www.manoirdauteuil.com\/fr\/wp-json\/wp\/v2\/users\/1"}],"replies":[{"embeddable":true,"href":"https:\/\/www.manoirdauteuil.com\/fr\/wp-json\/wp\/v2\/comments?post=2269"}],"version-history":[{"count":11,"href":"https:\/\/www.manoirdauteuil.com\/fr\/wp-json\/wp\/v2\/pages\/2269\/revisions"}],"predecessor-version":[{"id":6416,"href":"https:\/\/www.manoirdauteuil.com\/fr\/wp-json\/wp\/v2\/pages\/2269\/revisions\/6416"}],"up":[{"embeddable":true,"href":"https:\/\/www.manoirdauteuil.com\/fr\/wp-json\/wp\/v2\/pages\/2229"}],"wp:attachment":[{"href":"https:\/\/www.manoirdauteuil.com\/fr\/wp-json\/wp\/v2\/media?parent=2269"}],"curies":[{"name":"wp","href":"https:\/\/api.w.org\/{rel}","templated":true}]}}