{"id":2319,"date":"2020-04-25T22:21:59","date_gmt":"2020-04-26T02:21:59","guid":{"rendered":"http:\/\/manoirdauteuil.com\/museun-in-quebec-city\/"},"modified":"2023-04-20T15:34:22","modified_gmt":"2023-04-20T19:34:22","slug":"musees-quebec","status":"publish","type":"page","link":"https:\/\/www.manoirdauteuil.com\/fr\/musees-quebec\/","title":{"rendered":"Mus\u00e9es \u00e0 Qu\u00e9bec"},"content":{"rendered":"<div class=\"wpb-content-wrapper\"><p>[vc_row css_animation=\u00a0\u00bb\u00a0\u00bb row_type=\u00a0\u00bbrow\u00a0\u00bb use_row_as_full_screen_section=\u00a0\u00bbno\u00a0\u00bb type=\u00a0\u00bbgrid\u00a0\u00bb angled_section=\u00a0\u00bbno\u00a0\u00bb text_align=\u00a0\u00bbleft\u00a0\u00bb background_image_as_pattern=\u00a0\u00bbwith_pattern\u00a0\u00bb z_index=\u00a0\u00bb\u00a0\u00bb css=\u00a0\u00bb.vc_custom_1598242187267{margin-top: -30px !important;background-image: url(https:\/\/manoirdauteuil.com\/wp-content\/uploads\/2018\/01\/background-lines.png?id=104) !important;background-position: center !important;background-repeat: no-repeat !important;background-size: cover !important;}\u00a0\u00bb][vc_column][vc_column_text css=\u00a0\u00bb.vc_custom_1611542221632{padding-top: 30px !important;padding-bottom: 30px !important;}\u00a0\u00bb]<\/p>\n<h2 style=\"text-align: center;\">MUS\u00c9ES \u00c0 QU\u00c9BEC<\/h2>\n<p>[\/vc_column_text][vc_column_text]Il y a de nombreux mus\u00e9es tr\u00e8s int\u00e9ressants \u00e0 proximit\u00e9. Les passionn\u00e9s d\u2019art et d\u2019histoire appr\u00e9cieront la courte marche du Manoir d\u2019Auteuil vers le Mus\u00e9e de la civilisation ou encore au Mus\u00e9e national des beaux-arts du Qu\u00e9bec.\u00a0 Le Mus\u00e9e des Ursulines, le Mus\u00e9e Bon-Pasteur,\u00a0 le Mus\u00e9e de la Citadelle, le Mus\u00e9e naval de Qu\u00e9bec ainsi que le mus\u00e9e des Plaines d&rsquo;Abraham sont \u00e9galement des lieux propices, \u00e0 quelques minutes \u00e0 pied,\u00a0 pour d\u00e9couvrir l&rsquo;histoire qui a fa\u00e7onn\u00e9e la ville de Qu\u00e9bec.<\/p>\n<p>&nbsp;<\/p>\n<p><strong><u><a href=\"http:\/\/www.mcq.org\/index_fr.php\">Mus\u00e9e de la Civilisation<\/a><\/u><\/strong> : \u200bLe Mus\u00e9e de la Civilisation pr\u00e9sente de pr\u00e9cieuses collections et des souvenirs vivants au c\u0153ur d&rsquo;un quartier historique du Qu\u00e9bec. L&rsquo;exposition des Premi\u00e8res Nations offre des artefacts historiques et des voix des dirigeants actuels qui ont aid\u00e9 \u00e0 cr\u00e9er l&rsquo;exposition.<\/p>\n<p>85, rue Dalhousie, Vieux-Port \u2013 t\u00e9l: 418 643-2158<\/p>\n<p>&nbsp;<\/p>\n<p><strong><u><a href=\"https:\/\/www.ccbn-nbc.gc.ca\/fr\/\" target=\"_blank\" rel=\"noopener noreferrer\">Mus\u00e9e de Plaines d&rsquo;Abraham<\/a><\/u><\/strong> : \u200bLe Mus\u00e9e est la porte d\u2019entr\u00e9e du parc des Plaines d&rsquo;Abraham. Il offre des expositions, des activit\u00e9s et des services ainsi que tous les renseignements n\u00e9cessaires \u00e0 votre visite.<\/p>\n<p><span class=\"w8qArf\">\u00a0<\/span><span class=\"LrzXr\">835\u00a0 Avenue Wilfrid-Laurier, Qu\u00e9bec<\/span>\u2013 t\u00e9l: 418 649-6157<\/p>\n<p>&nbsp;<\/p>\n<p><strong><u><a href=\"https:\/\/www.mnbaq.org\/\" target=\"_blank\" rel=\"noopener noreferrer\">Mus\u00e9e national des beaux-arts du Qu\u00e9bec<\/a><\/u><\/strong> : \u200bVisitez le Mus\u00e9e national des beaux-arts du Qu\u00e9bec pour admirer 25 000 \u0153uvres produites au Qu\u00e9bec ou par des artistes qu\u00e9b\u00e9cois<\/p>\n<p>Parc des Champs-de-Bataille, Montcalm \u2013 t\u00e9l: 418 643-2150<\/p>\n<p>&nbsp;<\/p>\n<p><strong><u><a href=\"http:\/\/www.ursulines-uc.com\/le-musee-des-ursulines-de-quebec\/\" target=\"_blank\" rel=\"noopener noreferrer\">Mus\u00e9e des Ursulines<\/a><\/u><\/strong> : \u200b30 000 objets provenant de quatre si\u00e8cles ont \u00e9t\u00e9 soigneusement<\/p>\n<p>conserv\u00e9s au sein du Mus\u00e9e des Ursulines, mettant en valeur une collection diversifi\u00e9e et de qualit\u00e9 de tr\u00e9sors historiques.<\/p>\n<p>12, rue Donnacona, Vieux-Qu\u00e9bec \u2013 t\u00e9l: 418 694-0694<\/p>\n<p>&nbsp;<\/p>\n<p><strong><u><a href=\"http:\/\/www.soeursdubonpasteur.ca\/\" target=\"_blank\" rel=\"noopener noreferrer\">Mus\u00e9e Bon Pasteur<\/a><\/u><\/strong> :\u200b Apprenez-en plus sur 250 ans d&rsquo;histoire religieuse et sociale, ainsi que sur le travail acharn\u00e9 des S\u0153urs de Qu\u00e9bec. Explorez la vie quotidienne des religieuses des si\u00e8cles pr\u00e9c\u00e9dents et la mission des S\u0153urs aupr\u00e8s des femmes et des filles en France.<\/p>\n<p>14, rue Couillard, Vieux-Qu\u00e9bec \u2013 t\u00e9l: 418 694-0243<\/p>\n<p>&nbsp;<\/p>\n<p><strong><u><a href=\"https:\/\/www.musees.qc.ca\/fr\/musees\/guide\/musee-naval-de-quebec\" target=\"_blank\" rel=\"noopener noreferrer\">Mus\u00e9e naval de Qu\u00e9bec<\/a><\/u><\/strong> : \u200b\u00c0 partir du d\u00e9but du XXe si\u00e8cle, suivez l&rsquo;histoire de la marine canadienne au Mus\u00e9e naval de Qu\u00e9bec.<\/p>\n<p>170, rue Dalhousie, Vieux-Port \u2013 t\u00e9l: 418 694-5387<\/p>\n<p>&nbsp;<\/p>\n<p><strong><u><a href=\"http:\/\/www.lacitadelle.qc.ca\/fr\/\" target=\"_blank\" rel=\"noopener noreferrer\">Mus\u00e9e de la Citadelle<\/a><\/u><\/strong><strong><u>:\u200b<\/u><\/strong> \u200bD\u00e9couvrez l&rsquo;histoire militaire du Canada et de l\u2019appartenance du 22e R\u00e9giment Royal \u00e0 ce fort militaire, partie int\u00e9grante des fortifications de la vieille ville.<\/p>\n<p>1, C\u00f4te de la Citadelle, Vieux-Qu\u00e9bec-t\u00e9l: 418-694-2815[\/vc_column_text][vc_row_inner row_type=\u00a0\u00bbrow\u00a0\u00bb type=\u00a0\u00bbfull_width\u00a0\u00bb text_align=\u00a0\u00bbleft\u00a0\u00bb css_animation=\u00a0\u00bb\u00a0\u00bb css=\u00a0\u00bb.vc_custom_1587866616617{padding-top: 70px !important;}\u00a0\u00bb][vc_column_inner][vc_gallery type=\u00a0\u00bbimage_grid\u00a0\u00bb images=\u00a0\u00bb2320,2326,2327&Prime; img_size=\u00a0\u00bb450&#215;250&Prime; column_number=\u00a0\u00bb3&Prime; grayscale=\u00a0\u00bbno\u00a0\u00bb images_space=\u00a0\u00bbgallery_with_space\u00a0\u00bb][vc_empty_space height=\u00a0\u00bb62px\u00a0\u00bb][\/vc_column_inner][\/vc_row_inner][\/vc_column][\/vc_row]<\/p><\/div>","protected":false},"excerpt":{"rendered":"<p>[vc_row css_animation=\u00a0\u00bb\u00a0\u00bb row_type=\u00a0\u00bbrow\u00a0\u00bb use_row_as_full_screen_section=\u00a0\u00bbno\u00a0\u00bb type=\u00a0\u00bbgrid\u00a0\u00bb angled_section=\u00a0\u00bbno\u00a0\u00bb text_align=\u00a0\u00bbleft\u00a0\u00bb background_image_as_pattern=\u00a0\u00bbwith_pattern\u00a0\u00bb z_index=\u00a0\u00bb\u00a0\u00bb css=\u00a0\u00bb.vc_custom_1598242187267{margin-top: -30px !important;background-image: url(https:\/\/manoirdauteuil.com\/wp-content\/uploads\/2018\/01\/background-lines.png?id=104) !important;background-position: center !important;background-repeat: no-repeat !important;background-size: cover !important;}\u00a0\u00bb][vc_column][vc_column_text css=\u00a0\u00bb.vc_custom_1611542221632{padding-top: 30px !important;padding-bottom: 30px !important;}\u00a0\u00bb] MUS\u00c9ES \u00c0 QU\u00c9BEC [\/vc_column_text][vc_column_text]Il y a de nombreux mus\u00e9es tr\u00e8s int\u00e9ressants \u00e0 proximit\u00e9. Les passionn\u00e9s d\u2019art et d\u2019histoire appr\u00e9cieront la&#8230;<\/p>\n","protected":false},"author":1,"featured_media":0,"parent":0,"menu_order":0,"comment_status":"closed","ping_status":"closed","template":"","meta":{"footnotes":""},"class_list":["post-2319","page","type-page","status-publish","hentry"],"_links":{"self":[{"href":"https:\/\/www.manoirdauteuil.com\/fr\/wp-json\/wp\/v2\/pages\/2319","targetHints":{"allow":["GET"]}}],"collection":[{"href":"https:\/\/www.manoirdauteuil.com\/fr\/wp-json\/wp\/v2\/pages"}],"about":[{"href":"https:\/\/www.manoirdauteuil.com\/fr\/wp-json\/wp\/v2\/types\/page"}],"author":[{"embeddable":true,"href":"https:\/\/www.manoirdauteuil.com\/fr\/wp-json\/wp\/v2\/users\/1"}],"replies":[{"embeddable":true,"href":"https:\/\/www.manoirdauteuil.com\/fr\/wp-json\/wp\/v2\/comments?post=2319"}],"version-history":[{"count":12,"href":"https:\/\/www.manoirdauteuil.com\/fr\/wp-json\/wp\/v2\/pages\/2319\/revisions"}],"predecessor-version":[{"id":6524,"href":"https:\/\/www.manoirdauteuil.com\/fr\/wp-json\/wp\/v2\/pages\/2319\/revisions\/6524"}],"wp:attachment":[{"href":"https:\/\/www.manoirdauteuil.com\/fr\/wp-json\/wp\/v2\/media?parent=2319"}],"curies":[{"name":"wp","href":"https:\/\/api.w.org\/{rel}","templated":true}]}}