{"id":2460,"date":"2020-02-27T16:05:03","date_gmt":"2020-02-27T21:05:03","guid":{"rendered":"http:\/\/manoirdauteuil.com\/forfaits\/voyages-daffaires\/business-meeting\/"},"modified":"2026-02-26T11:26:35","modified_gmt":"2026-02-26T16:26:35","slug":"reunions-affaires","status":"publish","type":"page","link":"https:\/\/www.manoirdauteuil.com\/fr\/forfaits\/voyages-daffaires\/reunions-affaires\/","title":{"rendered":"R\u00e9unions Affaires"},"content":{"rendered":"<div class=\"wpb-content-wrapper\"><p>[vc_row css_animation=\u00a0\u00bb\u00a0\u00bb row_type=\u00a0\u00bbrow\u00a0\u00bb use_row_as_full_screen_section=\u00a0\u00bbno\u00a0\u00bb type=\u00a0\u00bbfull_width\u00a0\u00bb angled_section=\u00a0\u00bbno\u00a0\u00bb text_align=\u00a0\u00bbleft\u00a0\u00bb background_image_as_pattern=\u00a0\u00bbwithout_pattern\u00a0\u00bb css=\u00a0\u00bb.vc_custom_1598240620621{margin-top: -30px !important;background-image: url(https:\/\/manoirdauteuil.com\/wp-content\/uploads\/2018\/01\/background-lines.png?id=104) !important;}\u00a0\u00bb z_index=\u00a0\u00bb\u00a0\u00bb][vc_column][vc_row_inner row_type=\u00a0\u00bbrow\u00a0\u00bb type=\u00a0\u00bbfull_width\u00a0\u00bb text_align=\u00a0\u00bbleft\u00a0\u00bb css_animation=\u00a0\u00bb\u00a0\u00bb][vc_column_inner][vc_column_text css=\u00a0\u00bb.vc_custom_1611463792863{padding-top: 30px !important;padding-bottom: 30px !important;}\u00a0\u00bb]<\/p>\n<h2 style=\"text-align: center;\">R\u00c9UNIONS D\u2019AFFAIRES ET FORFAITS CORPORATIFS<\/h2>\n<p>[\/vc_column_text][\/vc_column_inner][\/vc_row_inner][vc_column_text css=\u00a0\u00bb.vc_custom_1611463968641{padding-bottom: 62px !important;}\u00a0\u00bb]L\u2019\u00e9l\u00e9gante ambiance fran\u00e7aise art d\u00e9co, le personnel attentionn\u00e9, la possibilit\u00e9 d&rsquo;un service de traiteur sur place et la salle de conf\u00e9rence de 50 m\u00e8tres carr\u00e9s enti\u00e8rement \u00e9quip\u00e9e contribuent \u00e0 faire du Manoir d\u2019Auteuil un excellent choix pour votre prochaine conf\u00e9rence \u00e0 Qu\u00e9bec. L\u2019h\u00f4tel est situ\u00e9 juste en face de l\u2019\u00e9difice du Parlement et \u00e0 seulement une courte distance de trois minutes \u00e0 pied du Centre des congr\u00e8s de Qu\u00e9bec, les deux destinations d\u2019affaires les plus importantes de la ville.<\/p>\n<p>&nbsp;<\/p>\n<h3>Salles de r\u00e9union et de conf\u00e9rence pour les entreprises<\/h3>\n<p>&nbsp;<\/p>\n<p><img loading=\"lazy\" decoding=\"async\" class=\"wp-image-9334 alignleft\" src=\"https:\/\/www.manoirdauteuil.com\/wp-content\/uploads\/DSC00064-275x184.jpg\" alt=\"\" width=\"468\" height=\"313\" srcset=\"https:\/\/www.manoirdauteuil.com\/wp-content\/uploads\/DSC00064-275x184.jpg 275w, https:\/\/www.manoirdauteuil.com\/wp-content\/uploads\/DSC00064-1024x684.jpg 1024w, https:\/\/www.manoirdauteuil.com\/wp-content\/uploads\/DSC00064-768x513.jpg 768w, https:\/\/www.manoirdauteuil.com\/wp-content\/uploads\/DSC00064-1536x1026.jpg 1536w, https:\/\/www.manoirdauteuil.com\/wp-content\/uploads\/DSC00064-2048x1368.jpg 2048w, https:\/\/www.manoirdauteuil.com\/wp-content\/uploads\/DSC00064-700x468.jpg 700w\" sizes=\"auto, (max-width: 468px) 100vw, 468px\" \/><\/p>\n<p>&nbsp;<\/p>\n<p>&nbsp;<\/p>\n<p>&nbsp;<\/p>\n<p>Le Manoir d&rsquo;Auteuil est id\u00e9al pour les retraites d&rsquo;entreprise, les groupes de discussion, les r\u00e9unions de conseil et autres rassemblements en petits groupes. Nous disposons d&rsquo;une salle de conf\u00e9rence pouvant accueillir jusqu&rsquo;\u00e0 16 personnes, d&rsquo;un acc\u00e8s Internet haut d\u00e9bit sans fil et d&rsquo;un salon pour les r\u00e9ceptions.<\/p>\n<p>&nbsp;<\/p>\n<p>Notre sp\u00e9cialiste en conf\u00e9rences vous aidera \u00e0 planifier tous les aspects de votre r\u00e9union, y compris l&rsquo;organisation d\u2019une r\u00e9ception d\u2019affaires dans l\u2019un des nombreux et excellents restaurants du quartier et les visites des attractions touristiques de Qu\u00e9bec.[\/vc_column_text][\/vc_column][\/vc_row][vc_row css_animation=\u00a0\u00bb\u00a0\u00bb row_type=\u00a0\u00bbrow\u00a0\u00bb use_row_as_full_screen_section=\u00a0\u00bbno\u00a0\u00bb type=\u00a0\u00bbfull_width\u00a0\u00bb angled_section=\u00a0\u00bbno\u00a0\u00bb text_align=\u00a0\u00bbleft\u00a0\u00bb background_image_as_pattern=\u00a0\u00bbwithout_pattern\u00a0\u00bb z_index=\u00a0\u00bb\u00a0\u00bb css=\u00a0\u00bb.vc_custom_1598241367082{background-image: url(https:\/\/manoirdauteuil.com\/wp-content\/uploads\/2018\/01\/background-lines.png?id=104) !important;}\u00a0\u00bb][vc_column][vc_empty_space height=\u00a0\u00bb62px\u00a0\u00bb][\/vc_column][\/vc_row]<\/p><\/div>","protected":false},"excerpt":{"rendered":"<p>[vc_row css_animation=\u00a0\u00bb\u00a0\u00bb row_type=\u00a0\u00bbrow\u00a0\u00bb use_row_as_full_screen_section=\u00a0\u00bbno\u00a0\u00bb type=\u00a0\u00bbfull_width\u00a0\u00bb angled_section=\u00a0\u00bbno\u00a0\u00bb text_align=\u00a0\u00bbleft\u00a0\u00bb background_image_as_pattern=\u00a0\u00bbwithout_pattern\u00a0\u00bb css=\u00a0\u00bb.vc_custom_1598240620621{margin-top: -30px !important;background-image: url(https:\/\/manoirdauteuil.com\/wp-content\/uploads\/2018\/01\/background-lines.png?id=104) !important;}\u00a0\u00bb z_index=\u00a0\u00bb\u00a0\u00bb][vc_column][vc_row_inner row_type=\u00a0\u00bbrow\u00a0\u00bb type=\u00a0\u00bbfull_width\u00a0\u00bb text_align=\u00a0\u00bbleft\u00a0\u00bb css_animation=\u00a0\u00bb\u00a0\u00bb][vc_column_inner][vc_column_text css=\u00a0\u00bb.vc_custom_1611463792863{padding-top: 30px !important;padding-bottom: 30px !important;}\u00a0\u00bb] R\u00c9UNIONS D\u2019AFFAIRES ET FORFAITS CORPORATIFS [\/vc_column_text][\/vc_column_inner][\/vc_row_inner][vc_column_text css=\u00a0\u00bb.vc_custom_1611463968641{padding-bottom: 62px !important;}\u00a0\u00bb]L\u2019\u00e9l\u00e9gante ambiance fran\u00e7aise art d\u00e9co, le personnel attentionn\u00e9, la possibilit\u00e9 d&rsquo;un service de traiteur&#8230;<\/p>\n","protected":false},"author":1,"featured_media":0,"parent":2269,"menu_order":3,"comment_status":"closed","ping_status":"closed","template":"","meta":{"footnotes":""},"class_list":["post-2460","page","type-page","status-publish","hentry"],"_links":{"self":[{"href":"https:\/\/www.manoirdauteuil.com\/fr\/wp-json\/wp\/v2\/pages\/2460","targetHints":{"allow":["GET"]}}],"collection":[{"href":"https:\/\/www.manoirdauteuil.com\/fr\/wp-json\/wp\/v2\/pages"}],"about":[{"href":"https:\/\/www.manoirdauteuil.com\/fr\/wp-json\/wp\/v2\/types\/page"}],"author":[{"embeddable":true,"href":"https:\/\/www.manoirdauteuil.com\/fr\/wp-json\/wp\/v2\/users\/1"}],"replies":[{"embeddable":true,"href":"https:\/\/www.manoirdauteuil.com\/fr\/wp-json\/wp\/v2\/comments?post=2460"}],"version-history":[{"count":16,"href":"https:\/\/www.manoirdauteuil.com\/fr\/wp-json\/wp\/v2\/pages\/2460\/revisions"}],"predecessor-version":[{"id":9374,"href":"https:\/\/www.manoirdauteuil.com\/fr\/wp-json\/wp\/v2\/pages\/2460\/revisions\/9374"}],"up":[{"embeddable":true,"href":"https:\/\/www.manoirdauteuil.com\/fr\/wp-json\/wp\/v2\/pages\/2269"}],"wp:attachment":[{"href":"https:\/\/www.manoirdauteuil.com\/fr\/wp-json\/wp\/v2\/media?parent=2460"}],"curies":[{"name":"wp","href":"https:\/\/api.w.org\/{rel}","templated":true}]}}