{"id":2495,"date":"2020-09-30T22:00:09","date_gmt":"2020-10-01T02:00:09","guid":{"rendered":"http:\/\/manoirdauteuil.com\/basilique-notre-dame-de-quebec\/"},"modified":"2023-03-31T14:37:56","modified_gmt":"2023-03-31T18:37:56","slug":"basilique-notre-dame-de-quebec","status":"publish","type":"page","link":"https:\/\/www.manoirdauteuil.com\/fr\/basilique-notre-dame-de-quebec\/","title":{"rendered":"Basilique Notre-Dame de Qu\u00e9bec"},"content":{"rendered":"<div class=\"wpb-content-wrapper\"><p>[vc_row css_animation=\u00a0\u00bb\u00a0\u00bb row_type=\u00a0\u00bbrow\u00a0\u00bb use_row_as_full_screen_section=\u00a0\u00bbno\u00a0\u00bb type=\u00a0\u00bbfull_width\u00a0\u00bb angled_section=\u00a0\u00bbno\u00a0\u00bb text_align=\u00a0\u00bbleft\u00a0\u00bb background_image_as_pattern=\u00a0\u00bbwithout_pattern\u00a0\u00bb css=\u00a0\u00bb.vc_custom_1601511118262{margin-top: -20px !important;background-image: url(https:\/\/manoirdauteuil.com\/wp-content\/uploads\/2018\/01\/background-lines.png?id=104) !important;}\u00a0\u00bb z_index=\u00a0\u00bb\u00a0\u00bb][vc_column][vc_row_inner row_type=\u00a0\u00bbrow\u00a0\u00bb type=\u00a0\u00bbgrid\u00a0\u00bb text_align=\u00a0\u00bbleft\u00a0\u00bb css_animation=\u00a0\u00bb\u00a0\u00bb][vc_column_inner][vc_column_text css=\u00a0\u00bb.vc_custom_1601517291752{padding-top: 50px !important;padding-bottom: 30px !important;}\u00a0\u00bb]<\/p>\n<h2 style=\"text-align: center;\">BASILIQUE-CATH\u00c9DRALE NOTRE-DAME DE QU\u00c9BEC<\/h2>\n<p>[\/vc_column_text][vc_column_text css=\u00a0\u00bb.vc_custom_1611468921523{padding-top: 30px !important;padding-bottom: 100px !important;}\u00a0\u00bb]<\/p>\n<h3><img loading=\"lazy\" decoding=\"async\" class=\"alignright size-full wp-image-1922\" src=\"http:\/\/manoirdauteuil.com\/wp-content\/uploads\/2020\/09\/notre-dame-basilica-quebec.jpg\" alt=\"\" width=\"606\" height=\"909\" srcset=\"https:\/\/www.manoirdauteuil.com\/wp-content\/uploads\/2020\/09\/notre-dame-basilica-quebec.jpg 606w, https:\/\/www.manoirdauteuil.com\/wp-content\/uploads\/2020\/09\/notre-dame-basilica-quebec-200x300.jpg 200w\" sizes=\"auto, (max-width: 606px) 100vw, 606px\" \/>LA PORTE SAINTE<\/h3>\n<p>Une vieille tradition datant du 15\u00e8me si\u00e8cle veut que les portes saintes demeurent ferm\u00e9es et scell\u00e9es gr\u00e2ce \u00e0 du ciment et du mortier. Elles sont ouvertes qu&rsquo;une fois tous les 25 ans pour marquer une c\u00e9l\u00e9bration sp\u00e9ciale du jubil\u00e9.<\/p>\n<p>&nbsp;<\/p>\n<p>Marcher \u00e0 travers une porte sainte est un acte symbolique : en traversant la porte, le fid\u00e8le laisse derri\u00e8re lui les choses dont il aimerait se d\u00e9faire comme la tristesse, le ressentiment et la col\u00e8re &#8230; pour0 esp\u00e8re ainsi devenir une personne nouvelle et meilleure.<\/p>\n<p>&nbsp;<\/p>\n<p>\u00c0 la fin d&rsquo;une ann\u00e9e particuli\u00e8rement difficile pour le monde entier en 2015, le Pape Fran\u00e7ois a demand\u00e9 que toutes les portes saintes soient ouvertes pour toutes les souffrances du monde, les victimes, la violence, les actes de terrorisme et les guerres.<\/p>\n<p>&nbsp;<\/p>\n<p>La porte est de nouveau scell\u00e9e et sera ouverte de nouveau au prochain jubil\u00e9. Au cours de son ouverture, pr\u00e8s d&rsquo;un million de personnes provenant de 40 pays diff\u00e9rents ont visit\u00e9 la basilique-cath\u00e9drale Notre-Dame de Qu\u00e9bec. Bien que la Porte Sainte ne soit plus accessible, une visite \u00e0 la basilique-cath\u00e9drale demeure une merveilleuse d\u00e9couverte o\u00f9 vous pourrez en apprendre davantage sur le patrimoine religieux du Qu\u00e9bec.[\/vc_column_text][vc_separator type=\u00a0\u00bbnormal\u00a0\u00bb color=\u00a0\u00bbrgba(255,255,255,0.01)\u00a0\u00bb thickness=\u00a0\u00bb60&Prime;][vc_empty_space height=\u00a0\u00bb162px\u00a0\u00bb][\/vc_column_inner][\/vc_row_inner][\/vc_column][\/vc_row]<\/p><\/div>","protected":false},"excerpt":{"rendered":"<p>[vc_row css_animation=\u00a0\u00bb\u00a0\u00bb row_type=\u00a0\u00bbrow\u00a0\u00bb use_row_as_full_screen_section=\u00a0\u00bbno\u00a0\u00bb type=\u00a0\u00bbfull_width\u00a0\u00bb angled_section=\u00a0\u00bbno\u00a0\u00bb text_align=\u00a0\u00bbleft\u00a0\u00bb background_image_as_pattern=\u00a0\u00bbwithout_pattern\u00a0\u00bb css=\u00a0\u00bb.vc_custom_1601511118262{margin-top: -20px !important;background-image: url(https:\/\/manoirdauteuil.com\/wp-content\/uploads\/2018\/01\/background-lines.png?id=104) !important;}\u00a0\u00bb z_index=\u00a0\u00bb\u00a0\u00bb][vc_column][vc_row_inner row_type=\u00a0\u00bbrow\u00a0\u00bb type=\u00a0\u00bbgrid\u00a0\u00bb text_align=\u00a0\u00bbleft\u00a0\u00bb css_animation=\u00a0\u00bb\u00a0\u00bb][vc_column_inner][vc_column_text css=\u00a0\u00bb.vc_custom_1601517291752{padding-top: 50px !important;padding-bottom: 30px !important;}\u00a0\u00bb] BASILIQUE-CATH\u00c9DRALE NOTRE-DAME DE QU\u00c9BEC [\/vc_column_text][vc_column_text css=\u00a0\u00bb.vc_custom_1611468921523{padding-top: 30px !important;padding-bottom: 100px !important;}\u00a0\u00bb] LA PORTE SAINTE Une vieille tradition datant du 15\u00e8me si\u00e8cle veut que&#8230;<\/p>\n","protected":false},"author":1,"featured_media":0,"parent":0,"menu_order":0,"comment_status":"closed","ping_status":"closed","template":"","meta":{"footnotes":""},"class_list":["post-2495","page","type-page","status-publish","hentry"],"_links":{"self":[{"href":"https:\/\/www.manoirdauteuil.com\/fr\/wp-json\/wp\/v2\/pages\/2495","targetHints":{"allow":["GET"]}}],"collection":[{"href":"https:\/\/www.manoirdauteuil.com\/fr\/wp-json\/wp\/v2\/pages"}],"about":[{"href":"https:\/\/www.manoirdauteuil.com\/fr\/wp-json\/wp\/v2\/types\/page"}],"author":[{"embeddable":true,"href":"https:\/\/www.manoirdauteuil.com\/fr\/wp-json\/wp\/v2\/users\/1"}],"replies":[{"embeddable":true,"href":"https:\/\/www.manoirdauteuil.com\/fr\/wp-json\/wp\/v2\/comments?post=2495"}],"version-history":[{"count":7,"href":"https:\/\/www.manoirdauteuil.com\/fr\/wp-json\/wp\/v2\/pages\/2495\/revisions"}],"predecessor-version":[{"id":6360,"href":"https:\/\/www.manoirdauteuil.com\/fr\/wp-json\/wp\/v2\/pages\/2495\/revisions\/6360"}],"wp:attachment":[{"href":"https:\/\/www.manoirdauteuil.com\/fr\/wp-json\/wp\/v2\/media?parent=2495"}],"curies":[{"name":"wp","href":"https:\/\/api.w.org\/{rel}","templated":true}]}}