{"id":2499,"date":"2020-09-30T21:05:58","date_gmt":"2020-10-01T01:05:58","guid":{"rendered":"http:\/\/manoirdauteuil.com\/citadel-quebec\/"},"modified":"2023-05-09T09:48:10","modified_gmt":"2023-05-09T13:48:10","slug":"citadelle-quebec","status":"publish","type":"page","link":"https:\/\/www.manoirdauteuil.com\/fr\/citadelle-quebec\/","title":{"rendered":"Citadelle de Quebec"},"content":{"rendered":"<div class=\"wpb-content-wrapper\"><p>[vc_row css_animation=\u00a0\u00bb\u00a0\u00bb row_type=\u00a0\u00bbrow\u00a0\u00bb use_row_as_full_screen_section=\u00a0\u00bbno\u00a0\u00bb type=\u00a0\u00bbfull_width\u00a0\u00bb angled_section=\u00a0\u00bbno\u00a0\u00bb text_align=\u00a0\u00bbleft\u00a0\u00bb background_image_as_pattern=\u00a0\u00bbwithout_pattern\u00a0\u00bb css=\u00a0\u00bb.vc_custom_1601511118262{margin-top: -20px !important;background-image: url(https:\/\/manoirdauteuil.com\/wp-content\/uploads\/2018\/01\/background-lines.png?id=104) !important;}\u00a0\u00bb z_index=\u00a0\u00bb\u00a0\u00bb][vc_column][vc_row_inner row_type=\u00a0\u00bbrow\u00a0\u00bb type=\u00a0\u00bbgrid\u00a0\u00bb text_align=\u00a0\u00bbleft\u00a0\u00bb css_animation=\u00a0\u00bb\u00a0\u00bb][vc_column_inner][vc_column_text css=\u00a0\u00bb.vc_custom_1601513826368{padding-top: 50px !important;padding-bottom: 30px !important;}\u00a0\u00bb]<\/p>\n<h2 style=\"text-align: center;\">CITADELLE DE QU\u00c9BEC<\/h2>\n<p>[\/vc_column_text][vc_single_image image=\u00a0\u00bb1871&Prime; img_size=\u00a0\u00bbfull\u00a0\u00bb alignment=\u00a0\u00bbcenter\u00a0\u00bb qode_css_animation=\u00a0\u00bb\u00a0\u00bb][vc_column_text css=\u00a0\u00bb.vc_custom_1601514309054{padding-top: 30px !important;padding-bottom: 100px !important;}\u00a0\u00bb]<span class=\"Y2IQFc\" lang=\"fr\">Ce lieu historique national est situ\u00e9 au sommet du Cap Diamant dans le Vieux-Qu\u00e9bec et \u00e0 quelques minutes \u00e0 pied du Manoir d&rsquo;Auteuil. Ses murs renferment 200 ans d&rsquo;histoire de la p\u00e9riode de la Nouvelle-France \u00e0 aujourd&rsquo;hui. Connue comme \u00ab le Gibraltar des Am\u00e9riques \u00bb en raison de sa situation strat\u00e9gique, la Citadelle a la forme en \u00e9toile caract\u00e9ristique des fortifications de Vauban et est la plus grande fortification du Canada. Profitez de la vue imprenable sur la ville et le fleuve Saint-Laurent \u00e0 partir du site. Des visites guid\u00e9es sont propos\u00e9es toute l&rsquo;ann\u00e9e et le prix d&rsquo;entr\u00e9e comprend l&rsquo;acc\u00e8s aux expositions du mus\u00e9e.<\/span><\/p>\n<p>&nbsp;<\/p>\n<p><span class=\"Y2IQFc\" lang=\"fr\">Pendant les mois d&rsquo;\u00e9t\u00e9, l&rsquo;un des \u00e9v\u00e9nements pr\u00e9f\u00e9r\u00e9s des visiteurs est la rel\u00e8ve de la garde. Cet \u00e9v\u00e9nement a lieu tous les jours du 24 juin au 1er septembre \u00e0 10 h sur le terrain de parade de la Citadelle. La c\u00e9r\u00e9monie marque l&rsquo;arriv\u00e9e de nouvelles sentinelles pour relever les personnes de service \u00e0 la garnison. C&rsquo;est une tradition militaire color\u00e9e qui comprend l&rsquo;inspection de la garde par les officiers, la musique r\u00e9gimentaire et la mascotte de r\u00e9giment Batisse la ch\u00e8vre.<\/span><\/p>\n<p>&nbsp;<\/p>\n<p><img loading=\"lazy\" decoding=\"async\" class=\"alignright size-full wp-image-1877\" src=\"http:\/\/manoirdauteuil.com\/wp-content\/uploads\/2020\/09\/changing-guard-quebec.jpg\" alt=\"\" width=\"400\" height=\"267\" srcset=\"https:\/\/www.manoirdauteuil.com\/wp-content\/uploads\/2020\/09\/changing-guard-quebec.jpg 400w, https:\/\/www.manoirdauteuil.com\/wp-content\/uploads\/2020\/09\/changing-guard-quebec-275x184.jpg 275w\" sizes=\"auto, (max-width: 400px) 100vw, 400px\" \/>The Changing of the Guard has been a tradition at the Citadelle of Qu\u00e9bec since 1928 except for a brief hiatus between 1939 and 1945, and again in 2019 due to COVID. The ceremony features soldiers of the Royal 22nd\u00a0R\u00e9giment decked out in their scarlet regimental dress and bearskins as the \u00ab\u00a0new guard\u00a0\u00bb relieves the \u00ab\u00a0old guard\u00a0\u00bb after 24 hours of sentry duty at the Citadelle&rsquo;s entrance.<\/p>\n<p>&nbsp;<\/p>\n<p>This ceremony is based on the Changing of the Guard at Buckingham Palace and is the only such ceremony in the province\u2014a must-see experience for visitors to Quebec&rsquo;s capital![\/vc_column_text][vc_empty_space height=\u00a0\u00bb62px\u00a0\u00bb][\/vc_column_inner][\/vc_row_inner][\/vc_column][\/vc_row]<\/p><\/div>","protected":false},"excerpt":{"rendered":"<p>[vc_row css_animation=\u00a0\u00bb\u00a0\u00bb row_type=\u00a0\u00bbrow\u00a0\u00bb use_row_as_full_screen_section=\u00a0\u00bbno\u00a0\u00bb type=\u00a0\u00bbfull_width\u00a0\u00bb angled_section=\u00a0\u00bbno\u00a0\u00bb text_align=\u00a0\u00bbleft\u00a0\u00bb background_image_as_pattern=\u00a0\u00bbwithout_pattern\u00a0\u00bb css=\u00a0\u00bb.vc_custom_1601511118262{margin-top: -20px !important;background-image: url(https:\/\/manoirdauteuil.com\/wp-content\/uploads\/2018\/01\/background-lines.png?id=104) !important;}\u00a0\u00bb z_index=\u00a0\u00bb\u00a0\u00bb][vc_column][vc_row_inner row_type=\u00a0\u00bbrow\u00a0\u00bb type=\u00a0\u00bbgrid\u00a0\u00bb text_align=\u00a0\u00bbleft\u00a0\u00bb css_animation=\u00a0\u00bb\u00a0\u00bb][vc_column_inner][vc_column_text css=\u00a0\u00bb.vc_custom_1601513826368{padding-top: 50px !important;padding-bottom: 30px !important;}\u00a0\u00bb] CITADELLE DE QU\u00c9BEC [\/vc_column_text][vc_single_image image=\u00a0\u00bb1871&Prime; img_size=\u00a0\u00bbfull\u00a0\u00bb alignment=\u00a0\u00bbcenter\u00a0\u00bb qode_css_animation=\u00a0\u00bb\u00a0\u00bb][vc_column_text css=\u00a0\u00bb.vc_custom_1601514309054{padding-top: 30px !important;padding-bottom: 100px !important;}\u00a0\u00bb]Ce lieu historique national est situ\u00e9 au sommet du Cap&#8230;<\/p>\n","protected":false},"author":1,"featured_media":0,"parent":0,"menu_order":0,"comment_status":"closed","ping_status":"closed","template":"","meta":{"footnotes":""},"class_list":["post-2499","page","type-page","status-publish","hentry"],"_links":{"self":[{"href":"https:\/\/www.manoirdauteuil.com\/fr\/wp-json\/wp\/v2\/pages\/2499","targetHints":{"allow":["GET"]}}],"collection":[{"href":"https:\/\/www.manoirdauteuil.com\/fr\/wp-json\/wp\/v2\/pages"}],"about":[{"href":"https:\/\/www.manoirdauteuil.com\/fr\/wp-json\/wp\/v2\/types\/page"}],"author":[{"embeddable":true,"href":"https:\/\/www.manoirdauteuil.com\/fr\/wp-json\/wp\/v2\/users\/1"}],"replies":[{"embeddable":true,"href":"https:\/\/www.manoirdauteuil.com\/fr\/wp-json\/wp\/v2\/comments?post=2499"}],"version-history":[{"count":5,"href":"https:\/\/www.manoirdauteuil.com\/fr\/wp-json\/wp\/v2\/pages\/2499\/revisions"}],"predecessor-version":[{"id":6581,"href":"https:\/\/www.manoirdauteuil.com\/fr\/wp-json\/wp\/v2\/pages\/2499\/revisions\/6581"}],"wp:attachment":[{"href":"https:\/\/www.manoirdauteuil.com\/fr\/wp-json\/wp\/v2\/media?parent=2499"}],"curies":[{"name":"wp","href":"https:\/\/api.w.org\/{rel}","templated":true}]}}